{"id":4274,"date":"2022-01-15T15:40:26","date_gmt":"2022-01-15T15:40:26","guid":{"rendered":"https:\/\/www.olayer.com\/?page_id=4274"},"modified":"2023-02-13T14:44:17","modified_gmt":"2023-02-13T14:44:17","slug":"vad-ar-ptc-varmare","status":"publish","type":"page","link":"https:\/\/www.olayer.com\/sv\/blogg\/vad-ar-ptc-varmare\/","title":{"rendered":"Vad \u00e4r PTC-v\u00e4rmare?"},"content":{"rendered":"<h2>Vad \u00e4r PTC-v\u00e4rmare?<\/h2>\n<p>PTC-v\u00e4rmeelement kallas <strong><em>PTC-v\u00e4rmare<\/em><\/strong>som best\u00e5r av PTC keramiskt v\u00e4rmeelement och aluminiumr\u00f6r. det \u00e4r popul\u00e4rt till\u00e4mpat p\u00e5 <em><strong>PTC-v\u00e4rmare h\u00e5r platt\u00e5ng plattj\u00e4rn<\/strong><\/em> och <em>Lockt\u00e5ng med PTC-v\u00e4rmare<\/em>, anledningen till att anv\u00e4nda detta <strong><em>H\u00e5rstylingverktyg med PTC-v\u00e4rmare<\/em><\/strong> eftersom Denna typ av PTC-v\u00e4rmeelement har f\u00f6rdelarna med litet v\u00e4rmemotst\u00e5nd och h\u00f6g v\u00e4rmev\u00e4xlingseffektivitet. Det \u00e4r en automatisk elektrisk v\u00e4rmare med konstant temperatur och energibesparing. Den enast\u00e5ende nyckelfunktionen \u00e4r s\u00e4kerhetsfaktorn. I n\u00e5gon applikationssituation kommer det inte att finnas n\u00e5got \"r\u00f6dhet\" -fenomen p\u00e5 ytan av den elektriska uppv\u00e4rmningsr\u00f6rv\u00e4rmaren, s\u00e5som h\u00e5rr\u00e4tningsplatta eller lockt\u00e5ng, vilket kommer att orsaka sk\u00e5llning, brand och andra s\u00e4kerhetsrisker, denna information kommer fr\u00e5n Wikipedia, du kan g\u00e5 till <a href=\"https:\/\/en.wikipedia.org\/wiki\/Heating_element#Polymer_PTC_heating_elements\" target=\"_blank\" rel=\"noopener\">PTC-v\u00e4rmare<\/a> sida f\u00f6r att veta mer information om det, och g\u00e5 till <a href=\"https:\/\/www.olayer.com\/sv\/blogg\/mch-vs-ptc\/\">PTC- och MCH-v\u00e4rmare<\/a> f\u00f6r att veta skillnaden och f\u00f6rdelarna.<img decoding=\"async\" class=\"lazyload  wp-image-4276 alignright\" src=\"https:\/\/www.olayer.com\/wp-content\/uploads\/2022\/01\/PTC-heater-hair-iron.jpg\" data-orig-src=\"https:\/\/www.olayer.com\/wp-content\/uploads\/2022\/01\/PTC-heater-hair-iron.jpg\" alt=\"H\u00e5rstrykj\u00e4rn med PTC-v\u00e4rmare\" width=\"435\" height=\"395\" title=\"\" srcset=\"data:image\/svg+xml,%3Csvg%20xmlns%3D%27http%3A%2F%2Fwww.w3.org%2F2000%2Fsvg%27%20width%3D%27435%27%20height%3D%27395%27%20viewBox%3D%270%200%20435%20395%27%3E%3Crect%20width%3D%27435%27%20height%3D%27395%27%20fill-opacity%3D%220%22%2F%3E%3C%2Fsvg%3E\" data-srcset=\"https:\/\/www.olayer.com\/wp-content\/uploads\/2022\/01\/PTC-heater-hair-iron-200x182.jpg 200w, https:\/\/www.olayer.com\/wp-content\/uploads\/2022\/01\/PTC-heater-hair-iron-300x273.jpg 300w, https:\/\/www.olayer.com\/wp-content\/uploads\/2022\/01\/PTC-heater-hair-iron-400x364.jpg 400w, https:\/\/www.olayer.com\/wp-content\/uploads\/2022\/01\/PTC-heater-hair-iron.jpg 539w\" data-sizes=\"auto\" data-orig-sizes=\"(max-width: 435px) 100vw, 435px\" \/><\/p>\n<h3>Hur tillverkas en PTC-v\u00e4rmare?<\/h3>\n<p>PTC-v\u00e4rmeelementet best\u00e5r av galvaniserad yttre tryckplatta, korrugerad fj\u00e4derplatta i rostfritt st\u00e5l, galvaniserad inre tryckplatta, enkelskikts aluminiumkylfl\u00e4ns, PTC-v\u00e4rmeplatta, dubbelskikts aluminiumkylfl\u00e4ns, f\u00f6rnicklad kopparelektrodterminal plus PPS h\u00f6gtemperaturplastelektrodmantel.<\/p>\n<p>P\u00e5 grund av anv\u00e4ndningen av u-formade korrugerade kylfl\u00e4nsar f\u00f6rb\u00e4ttras v\u00e4rmeavledningshastigheten f\u00f6r PTC-v\u00e4rmeelementprodukter, och f\u00f6rdelarna med sj\u00e4lvh\u00e4ftande och mekanisk typ kombineras, och olika termiska och elektriska fenomen hos PTC-v\u00e4rmeelement under drift beaktas fullt ut. Stark kraft, utm\u00e4rkt v\u00e4rmeledningsf\u00f6rm\u00e5ga och v\u00e4rmeavledningsprestanda, h\u00f6g effektivitet, s\u00e4kerhet och tillf\u00f6rlitlighet.<\/p>\n<p>Denna typ av PTC-v\u00e4rmare har f\u00f6rdelarna med litet v\u00e4rmemotst\u00e5nd och h\u00f6g v\u00e4rmev\u00e4xlingseffektivitet. Det \u00e4r en automatisk konstant temperatur och energibesparande elektrisk v\u00e4rmare. En av dess enast\u00e5ende egenskaper \u00e4r dess s\u00e4kerhetsprestanda, det vill s\u00e4ga n\u00e4r fl\u00e4kten misslyckas och stannar, kommer PTC-v\u00e4rmarens effekt automatiskt att sjunka kraftigt p\u00e5 grund av otillr\u00e4cklig v\u00e4rmeavledning. Vid denna tidpunkt bibeh\u00e5lls v\u00e4rmarens yttemperatur vid ungef\u00e4r Curie-temperaturen (i allm\u00e4nhet cirka 250 \u00b0 C), f\u00f6r att inte producera fenomenet \"r\u00f6dhet\" p\u00e5 ytan av v\u00e4rmare som elektriska v\u00e4rmer\u00f6r<\/p>\n<h3>Hur fungerar ett PTC-v\u00e4rmeelement<\/h3>\n<p><em>Hur fungerar ett PTC-v\u00e4rmeelement<\/em>? PTC-termistorn f\u00f6r uppv\u00e4rmning med konstant temperatur har egenskaperna f\u00f6r uppv\u00e4rmning med konstant temperatur. Termistorns Curie-temperatur \u00e4r relaterad till den applicerade sp\u00e4nningen, men har inget att g\u00f6ra med omgivningstemperaturen. PTC-v\u00e4rmare \u00e4r en uppv\u00e4rmningsanordning som \u00e4r utformad med hj\u00e4lp av konstant temperaturuppv\u00e4rmning PTC-termistorens egenskaper f\u00f6r konstant temperaturuppv\u00e4rmning. I sm\u00e5 och medelstora effektuppv\u00e4rmningsapplikationer \u00e4r detta <em>hur PTC-v\u00e4rmeelementet fungerar<\/em>.<\/p>\n<p>PTC-v\u00e4rmare har f\u00f6rdelarna med konstant temperaturuppv\u00e4rmning, ingen \u00f6ppen l\u00e5ga, h\u00f6g termisk omvandlingsfrekvens, liten p\u00e5verkan av str\u00f6mf\u00f6rs\u00f6rjningssp\u00e4nning, l\u00e5ng naturlig livsl\u00e4ngd och andra f\u00f6rdelar som traditionella v\u00e4rmeelement inte kan uppfylla. Det gynnas av FoU-ingenj\u00f6rer i <strong>anpassade h\u00e5rstylingverktyg med PTC-v\u00e4rmare<\/strong> industri som <em><strong>PTC platt\u00e5ng (platt\u00e5ng) eller PTC lockt\u00e5ng med v\u00e4rmare<\/strong><\/em> produkter. PTC-termistorn f\u00f6r konstant temperaturuppv\u00e4rmning kan tillverkas i en m\u00e4ngd olika formstrukturer och olika specifikationer. Genom att kombinera de ovan n\u00e4mnda PTC-v\u00e4rmeelementen och metallkomponenterna kan olika former av h\u00f6geffektiva PTC-v\u00e4rmare bildas.<\/p>\n<h3>F\u00f6rdelar med PTC-v\u00e4rmare<\/h3>\n<p>H\u00e4lsosam och milj\u00f6v\u00e4nlig limfri limning \u00e4r h\u00e4lsosammare.<\/p>\n<p>Superl\u00e5ng h\u00e5llbarhet utan oxidation, livsl\u00e4ngd upp till 6000 timmar.<\/p>\n<p>Snabb uppv\u00e4rmningstemperatur, automatisk temperaturreglering vid fl\u00e4ktfel, l\u00e5ng livsl\u00e4ngd<\/p>\n<p>Brett sp\u00e4nningsomr\u00e5de, kan utformas efter behov mellan 12V-380V<\/p>\n<p>Bekv\u00e4m design, kan utformas fr\u00e5n l\u00e5g effekt till h\u00f6g effekt, och formen kan ocks\u00e5 utformas enligt kraven<\/p>\n<p>Icke brandfarlig, s\u00e4ker och tillf\u00f6rlitlig,<\/p>\n<h3>Vad \u00e4r PTC-v\u00e4rmare till f\u00f6r?<\/h3>\n<p><em>Vilket PTC-v\u00e4rmeelement anv\u00e4nds f\u00f6r<\/em>? PTC keramisk v\u00e4rmare anv\u00e4nds normalt i sm\u00e5 hush\u00e5llsapplikationer och PTC HEATER h\u00e5r stylingverktyg produkter, s\u00e5som <strong><em>PTC v\u00e4rmare platt\u00e5ng, PTC plattborste, PTC lockt\u00e5ng<\/em><\/strong>etc. Den k\u00e4nnetecknas av l\u00e5g effekt, men h\u00f6g termisk effektivitet och praktiska egenskaper.<\/p>\n<p>Olayer \u00e4r <em>H\u00e5rstylingverktyg med PTC-v\u00e4rmare<\/em> tillverkare som erbjuder PTC h\u00e5r platt\u00e5ng plattj\u00e4rn, PTC h\u00e5r lockt\u00e5ng, MCH h\u00e5r platt\u00e5ng och lockt\u00e5ng, och andra PTC eller MCH h\u00e5r stylingverktyg, kontakta olayer f\u00f6r att f\u00e5 mer information.<\/p>","protected":false},"excerpt":{"rendered":"<p>What is PTC heater PTC heating element is called PTC  [&#8230;]<\/p>\n","protected":false},"author":1,"featured_media":4276,"parent":4271,"menu_order":20,"comment_status":"closed","ping_status":"closed","template":"","meta":{"footnotes":""},"class_list":["post-4274","page","type-page","status-publish","has-post-thumbnail","hentry"],"_links":{"self":[{"href":"https:\/\/www.olayer.com\/sv\/wp-json\/wp\/v2\/pages\/4274","targetHints":{"allow":["GET"]}}],"collection":[{"href":"https:\/\/www.olayer.com\/sv\/wp-json\/wp\/v2\/pages"}],"about":[{"href":"https:\/\/www.olayer.com\/sv\/wp-json\/wp\/v2\/types\/page"}],"author":[{"embeddable":true,"href":"https:\/\/www.olayer.com\/sv\/wp-json\/wp\/v2\/users\/1"}],"replies":[{"embeddable":true,"href":"https:\/\/www.olayer.com\/sv\/wp-json\/wp\/v2\/comments?post=4274"}],"version-history":[{"count":0,"href":"https:\/\/www.olayer.com\/sv\/wp-json\/wp\/v2\/pages\/4274\/revisions"}],"up":[{"embeddable":true,"href":"https:\/\/www.olayer.com\/sv\/wp-json\/wp\/v2\/pages\/4271"}],"wp:featuredmedia":[{"embeddable":true,"href":"https:\/\/www.olayer.com\/sv\/wp-json\/wp\/v2\/media\/4276"}],"wp:attachment":[{"href":"https:\/\/www.olayer.com\/sv\/wp-json\/wp\/v2\/media?parent=4274"}],"curies":[{"name":"wp","href":"https:\/\/api.w.org\/{rel}","templated":true}]}}