{"id":3763,"date":"2021-12-07T03:56:20","date_gmt":"2021-12-07T03:56:20","guid":{"rendered":"https:\/\/www.olayer.com\/?page_id=3763"},"modified":"2021-12-07T06:54:01","modified_gmt":"2021-12-07T06:54:01","slug":"integritetspolicy","status":"publish","type":"page","link":"https:\/\/www.olayer.com\/sv\/integritetspolicy\/","title":{"rendered":"Integritetspolicy"},"content":{"rendered":"<p>Olayer tar datasekretess p\u00e5 allvar. Denna integritetspolicy f\u00f6rklarar vilka vi \u00e4r, hur vi samlar in, delar och anv\u00e4nder personlig information och hur du kan ut\u00f6va dina integritetsr\u00e4ttigheter.<\/p>\n<p>Denna sekretesspolicy tar de uppgifter vi samlar in om dig n\u00e4r du \u00e4r intressant v\u00e5ra h\u00e5rstrykj\u00e4rn produkter eller tj\u00e4nster, eller p\u00e5 annat s\u00e4tt kontrakt tillverkningstj\u00e4nst med oss (till exempel genom att h\u00e5lla sig informerad om v\u00e5ra nya modeller), Vi erbjuder ett brett utbud av h\u00e5r styling verktyg produkter, inklusive v\u00e5r platt\u00e5ng, professionell h\u00e5r curler, automatisk h\u00e5r curler, h\u00e5rtork, h\u00f6g hastighet h\u00e5rtork produkter, Vi h\u00e4nvisar till alla dessa h\u00e5rstrykj\u00e4rn produkter och v\u00e5ra andra elektriska monteringstj\u00e4nster i denna policy.<\/p>\n<p>Denna policy f\u00f6rklarar ocks\u00e5 hur vi kommer att anv\u00e4nda din information, vilket inkluderar hur vi kan skicka information om v\u00e5ra nya modeller eller n\u00e5got specialpris f\u00f6r alla v\u00e5ra h\u00e5rverktyg, Om du inte samtycker till denna policy, ska du inte komma \u00e5t eller anv\u00e4nda v\u00e5ra tj\u00e4nster eller interagera med n\u00e5gon annan aspekt av v\u00e5r verksamhet.<\/p>","protected":false},"excerpt":{"rendered":"<p>Olayer takes data privacy seriously. This privacy policy explains who  [&#8230;]<\/p>\n","protected":false},"author":1,"featured_media":0,"parent":0,"menu_order":0,"comment_status":"closed","ping_status":"closed","template":"","meta":{"footnotes":""},"class_list":["post-3763","page","type-page","status-publish","hentry"],"_links":{"self":[{"href":"https:\/\/www.olayer.com\/sv\/wp-json\/wp\/v2\/pages\/3763","targetHints":{"allow":["GET"]}}],"collection":[{"href":"https:\/\/www.olayer.com\/sv\/wp-json\/wp\/v2\/pages"}],"about":[{"href":"https:\/\/www.olayer.com\/sv\/wp-json\/wp\/v2\/types\/page"}],"author":[{"embeddable":true,"href":"https:\/\/www.olayer.com\/sv\/wp-json\/wp\/v2\/users\/1"}],"replies":[{"embeddable":true,"href":"https:\/\/www.olayer.com\/sv\/wp-json\/wp\/v2\/comments?post=3763"}],"version-history":[{"count":0,"href":"https:\/\/www.olayer.com\/sv\/wp-json\/wp\/v2\/pages\/3763\/revisions"}],"wp:attachment":[{"href":"https:\/\/www.olayer.com\/sv\/wp-json\/wp\/v2\/media?parent=3763"}],"curies":[{"name":"wp","href":"https:\/\/api.w.org\/{rel}","templated":true}]}}