{"id":3763,"date":"2021-12-07T03:56:20","date_gmt":"2021-12-07T03:56:20","guid":{"rendered":"https:\/\/www.olayer.com\/?page_id=3763"},"modified":"2021-12-07T06:54:01","modified_gmt":"2021-12-07T06:54:01","slug":"politica-de-confidentialitate","status":"publish","type":"page","link":"https:\/\/www.olayer.com\/ro\/politica-de-confidentialitate\/","title":{"rendered":"Politica de confiden\u021bialitate"},"content":{"rendered":"<p>Olayer ia \u00een serios confiden\u021bialitatea datelor. Aceast\u0103 politic\u0103 de confiden\u021bialitate explic\u0103 cine suntem, cum colect\u0103m, partaj\u0103m \u0219i utiliz\u0103m informa\u021biile personale \u0219i cum v\u0103 pute\u021bi exercita drepturile de confiden\u021bialitate.<\/p>\n<p>Aceast\u0103 politic\u0103 de confiden\u021bialitate ia datele pe care le colect\u0103m despre dvs. atunci c\u00e2nd v\u0103 intereseaz\u0103 produsele sau serviciile noastre de fiare de c\u0103lcat pentru p\u0103r sau, \u00een caz contrar, contractul de servicii de fabrica\u021bie cu noi (de exemplu, prin \u021binerea la curent cu privire la noile noastre modele), Oferim o gam\u0103 larg\u0103 de produse de instrumente de styling pentru p\u0103r, inclusiv placa noastr\u0103 de p\u0103r, ondulatorul de p\u0103r profesional, ondulatorul de p\u0103r automat, usc\u0103torul de p\u0103r, produsele de usc\u0103tor de p\u0103r de mare vitez\u0103, Ne referim la toate aceste produse de fiare de c\u0103lcat pentru p\u0103r \u0219i la celelalte servicii noastre de asamblare electric\u0103 \u00een aceast\u0103 politic\u0103.<\/p>\n<p>Aceast\u0103 politic\u0103 v\u0103 explic\u0103, de asemenea, c\u0103 modul \u00een care vom utiliza informa\u021biile dvs., care includ modul \u00een care v\u0103 putem trimite informa\u021bii despre noile noastre modele sau orice pre\u021b special pentru toate instrumentele noastre de p\u0103r, Dac\u0103 nu sunte\u021bi de acord cu aceast\u0103 politic\u0103, nu accesa\u021bi sau utiliza\u021bi serviciile noastre sau s\u0103 interac\u021bioneze cu orice alt aspect al afacerii noastre.<\/p>","protected":false},"excerpt":{"rendered":"<p>Olayer takes data privacy seriously. This privacy policy explains who  [&#8230;]<\/p>\n","protected":false},"author":1,"featured_media":0,"parent":0,"menu_order":0,"comment_status":"closed","ping_status":"closed","template":"","meta":{"footnotes":""},"class_list":["post-3763","page","type-page","status-publish","hentry"],"_links":{"self":[{"href":"https:\/\/www.olayer.com\/ro\/wp-json\/wp\/v2\/pages\/3763","targetHints":{"allow":["GET"]}}],"collection":[{"href":"https:\/\/www.olayer.com\/ro\/wp-json\/wp\/v2\/pages"}],"about":[{"href":"https:\/\/www.olayer.com\/ro\/wp-json\/wp\/v2\/types\/page"}],"author":[{"embeddable":true,"href":"https:\/\/www.olayer.com\/ro\/wp-json\/wp\/v2\/users\/1"}],"replies":[{"embeddable":true,"href":"https:\/\/www.olayer.com\/ro\/wp-json\/wp\/v2\/comments?post=3763"}],"version-history":[{"count":0,"href":"https:\/\/www.olayer.com\/ro\/wp-json\/wp\/v2\/pages\/3763\/revisions"}],"wp:attachment":[{"href":"https:\/\/www.olayer.com\/ro\/wp-json\/wp\/v2\/media?parent=3763"}],"curies":[{"name":"wp","href":"https:\/\/api.w.org\/{rel}","templated":true}]}}