{"id":4279,"date":"2022-01-15T17:03:17","date_gmt":"2022-01-15T17:03:17","guid":{"rendered":"https:\/\/www.olayer.com\/?page_id=4279"},"modified":"2022-01-26T09:48:55","modified_gmt":"2022-01-26T09:48:55","slug":"mch-vs-ptc","status":"publish","type":"page","link":"https:\/\/www.olayer.com\/pt\/blog\/mch-vs-ptc\/","title":{"rendered":"MCH vs PTC"},"content":{"rendered":"<h2>O que \u00e9 o aquecedor MCH?<\/h2>\n<p>O MCH (aquecedor de cer\u00e2mica met\u00e1lica) \u00e9 muito utilizado na ind\u00fastria de <strong><em>Chapinha alisadora de cabelo MCH<\/em><\/strong> Os produtos de alta resist\u00eancia ao calor, as vantagens do aquecimento em menos de 20 segundos e a temperatura da mesa s\u00e3o duradouras. Ele usa a tecnologia de cer\u00e2mica multicamada coqueada de alta temperatura para imprimir a pasta de resist\u00eancia ao aquecimento (tungst\u00eanio, molibd\u00eanio, mangan\u00eas, prata, pal\u00e1dio e outros metais de alto ponto de fus\u00e3o) de acordo com os requisitos de projeto do circuito de aquecimento. No corpo verde de fundi\u00e7\u00e3o da fita (zirc\u00f4nia, cer\u00e2mica de alumina ou cer\u00e2mica de alumina endurecida com zirc\u00f4nia etc.) e, em seguida, lamina\u00e7\u00e3o multicamada, o circuito de aquecimento \u00e9 incorporado ao material cer\u00e2mico e sinterizado a cerca de 1650 \u00b0C para integrar o s\u00f3lido cer\u00e2mico. Ele desempenha o papel de prote\u00e7\u00e3o e isolamento. O corpo de aquecimento n\u00e3o tem chama aberta, \u00e9 resistente \u00e0 corros\u00e3o, resistente a altas temperaturas, tem longa vida \u00fatil, alta efici\u00eancia e economia de energia, \u00e9 est\u00e1vel e uniforme e tem r\u00e1pida compensa\u00e7\u00e3o t\u00e9rmica. O produto n\u00e3o cont\u00e9m subst\u00e2ncias nocivas, como chumbo, merc\u00fario e cromo hexavalente, e est\u00e1 em total conformidade com a Uni\u00e3o Europeia. Requisitos ambientais.<img decoding=\"async\" class=\"lazyload  wp-image-4281 alignright\" src=\"https:\/\/www.olayer.com\/wp-content\/uploads\/2022\/01\/MCH-heater.jpg\" data-orig-src=\"https:\/\/www.olayer.com\/wp-content\/uploads\/2022\/01\/MCH-heater.jpg\" alt=\"Aquecedor MCH\" width=\"417\" height=\"392\" title=\"\" srcset=\"data:image\/svg+xml,%3Csvg%20xmlns%3D%27http%3A%2F%2Fwww.w3.org%2F2000%2Fsvg%27%20width%3D%27417%27%20height%3D%27392%27%20viewBox%3D%270%200%20417%20392%27%3E%3Crect%20width%3D%27417%27%20height%3D%27392%27%20fill-opacity%3D%220%22%2F%3E%3C%2Fsvg%3E\" data-srcset=\"https:\/\/www.olayer.com\/wp-content\/uploads\/2022\/01\/MCH-heater-200x188.jpg 200w, https:\/\/www.olayer.com\/wp-content\/uploads\/2022\/01\/MCH-heater-300x282.jpg 300w, https:\/\/www.olayer.com\/wp-content\/uploads\/2022\/01\/MCH-heater-400x376.jpg 400w, https:\/\/www.olayer.com\/wp-content\/uploads\/2022\/01\/MCH-heater-600x565.jpg 600w, https:\/\/www.olayer.com\/wp-content\/uploads\/2022\/01\/MCH-heater.jpg 609w\" data-sizes=\"auto\" data-orig-sizes=\"(max-width: 417px) 100vw, 417px\" \/><\/p>\n<p>O elemento de aquecimento de cer\u00e2mica MCH e o aquecedor PTC s\u00e3o materiais comuns de elementos de aquecimento de cer\u00e2mica aplicados em alisadores de cabelo e ferros de ondula\u00e7\u00e3o. Em compara\u00e7\u00e3o com <em>Chapinha alisadora de cabelo com aquecimento PTC<\/em>, eles <strong><em>Chapinha com aquecedor MCH<\/em><\/strong> pode economizar de 20 a 30% de energia el\u00e9trica com o mesmo efeito de aquecimento, al\u00e9m de ter alta efici\u00eancia de aquecimento (at\u00e9 98,6%) e economizar energia. E uso a longo prazo sem atenua\u00e7\u00e3o de energia. O aquecedor de cer\u00e2mica MCH aquece rapidamente. Quando \u00e9 ligado, o elemento de aquecimento pode atingir 200 \u00b0C em 10 segundos e pode chegar a 800 \u00b0C em 30 segundos. A temperatura de uso a longo prazo pode chegar a 500-700 \u00b0C (o aquecedor PTC tem temperatura m\u00e1xima de 300\u00b0C).<\/p>\n<h3>Principais mat\u00e9rias-primas do aquecedor MCH<\/h3>\n<ul>\n<li>Substrato: cer\u00e2mica de alumina branca multicamada, teor de \u0430-Al2O3 n\u00e3o inferior a 95%<\/li>\n<li>Fio de chumbo: fio de n\u00edquel com \u04240,25 mm, \u04240,3 mm ou \u04240,5 mm<\/li>\n<li>Manga, fita: Teflon, fita resistente a altas temperaturas<\/li>\n<li>Resist\u00eancia: materiais de alta temperatura, como o tungst\u00eanio<\/li>\n<li>Espessura do produto: 0,7 a 2,0 mm pode ser personalizada<\/li>\n<li>Tens\u00e3o de uso: 3,7V-4,2V pode ser personalizada<\/li>\n<li>Sele\u00e7\u00e3o do valor da resist\u00eancia: entre 0,3 e 100 ohms, selecionado de acordo com a tens\u00e3o, o tamanho do chip, a pot\u00eancia e as necessidades do cliente.<\/li>\n<\/ul>\n<h3>Desempenho e recursos do aquecedor MCH<\/h3>\n<ol start=\"3\">\n<li>estrutura simples, a forma, o tamanho e o poder de resist\u00eancia podem ser produzidos de acordo com as necessidades do cliente;<\/li>\n<li>Boa uniformidade t\u00e9rmica e alta densidade de pot\u00eancia: \u226545 W\/cm2;<\/li>\n<li>resist\u00eancia-temperatura linear, e a temperatura pode ser facilmente controlada pelo controle da resist\u00eancia ou da tens\u00e3o;<\/li>\n<li>Aumento r\u00e1pido da temperatura e compensa\u00e7\u00e3o r\u00e1pida da temperatura.<br \/>\nA pot\u00eancia de 500 watts inicia 20 segundos e a temperatura atinge 600 \u2103 ou mais; a pot\u00eancia nominal de seus componentes inicia 10 segundos e atinge 200 \u2103 ou mais;<\/li>\n<\/ol>\n<ol start=\"5\">\n<li>Alta temperatura de aquecimento, at\u00e9 700 \u2103;<\/li>\n<li>Alta efici\u00eancia t\u00e9rmica, aquecimento uniforme e economia de energia (o consumo de calor por unidade \u00e9 20-30% menor do que o aquecedor PTC);<\/li>\n<li>Fogo sem nome, a superf\u00edcie \u00e9 segura e sem carga;<br \/>\nBom desempenho de isolamento: a superf\u00edcie \u00e9 segura e n\u00e3o \u00e9 carregada: ela pode suportar o teste de tens\u00e3o de 3700 V\/1S e a corrente de fuga \u00e9 de 0,5 mA;<\/li>\n<\/ol>\n<ol start=\"8\">\n<li>Longa vida \u00fatil, sem atenua\u00e7\u00e3o de energia ap\u00f3s um longo per\u00edodo de uso;<\/li>\n<li>A chapa de aquecimento \u00e9 resistente a \u00e1cidos, \u00e1lcalis e outras subst\u00e2ncias corrosivas;<\/li>\n<li>Prote\u00e7\u00e3o ambiental: n\u00e3o cont\u00e9m subst\u00e2ncias nocivas, como chumbo, c\u00e1dmio, merc\u00fario, cromo hexavalente, bifenilos polibromados, \u00e9teres difen\u00edlicos polibromados, etc.<\/li>\n<\/ol>\n<p>Totalmente em conformidade com os requisitos de prote\u00e7\u00e3o ambiental da UE.<\/p>\n<h2>O que \u00e9 um aquecedor PTC<\/h2>\n<p>PTC (Positive Temperature Coefficient), que significa coeficiente de temperatura positivo, conhecido como termistor PTC, algumas das informa\u00e7\u00f5es s\u00e3o da Wikipedia. Se quiser saber mais sobre esse aquecedor PTC, acesse <a href=\"https:\/\/en.wikipedia.org\/wiki\/Heating_element#Polymer_PTC_heating_elements\" target=\"_blank\" rel=\"noopener\">Aquecedor PTC<\/a> p\u00e1gina. A placa de PTC tamb\u00e9m \u00e9 sinterizada em alta temperatura, mas a temperatura m\u00e1xima de sua superf\u00edcie pode ser controlada durante a sinteriza\u00e7\u00e3o. De acordo com os requisitos do fabricante do alisador de cabelo ou da chapinha, a placa PTC pode ser sinterizada abaixo de 280 graus ou a qualquer temperatura que o fabricante da chapinha desejar, geralmente sinterizada entre 230 e 230 graus. 280 graus. Mas sua desvantagem \u00e9 que a velocidade de aquecimento at\u00e9 200 graus \u00e9 lenta, geralmente cerca de um minuto e meio ou dois minutos. Al\u00e9m disso, durante o uso, ele n\u00e3o consegue manter uma temperatura relativamente alta, como os elementos de aquecimento MCH, que conseguem manter uma temperatura alta est\u00e1vel durante a ondula\u00e7\u00e3o ou o alisamento do cabelo. Portanto, o alisamento de cabelos com elementos PTC ser\u00e1 um pouco menos eficaz do que com a placa de aquecimento MCH. <img decoding=\"async\" class=\"lazyload  wp-image-4282 alignright\" src=\"https:\/\/www.olayer.com\/wp-content\/uploads\/2022\/01\/PTC-heater.jpg\" data-orig-src=\"https:\/\/www.olayer.com\/wp-content\/uploads\/2022\/01\/PTC-heater.jpg\" alt=\"Aquecedor PTC\" width=\"388\" height=\"260\" title=\"\" srcset=\"data:image\/svg+xml,%3Csvg%20xmlns%3D%27http%3A%2F%2Fwww.w3.org%2F2000%2Fsvg%27%20width%3D%27388%27%20height%3D%27260%27%20viewBox%3D%270%200%20388%20260%27%3E%3Crect%20width%3D%27388%27%20height%3D%27260%27%20fill-opacity%3D%220%22%2F%3E%3C%2Fsvg%3E\" data-srcset=\"https:\/\/www.olayer.com\/wp-content\/uploads\/2022\/01\/PTC-heater-200x134.jpg 200w, https:\/\/www.olayer.com\/wp-content\/uploads\/2022\/01\/PTC-heater-300x201.jpg 300w, https:\/\/www.olayer.com\/wp-content\/uploads\/2022\/01\/PTC-heater-400x268.jpg 400w, https:\/\/www.olayer.com\/wp-content\/uploads\/2022\/01\/PTC-heater.jpg 465w\" data-sizes=\"auto\" data-orig-sizes=\"(max-width: 388px) 100vw, 388px\" \/><\/p>\n<h3>Vantagens do aquecedor PTC<\/h3>\n<p>A colagem sem cola, saud\u00e1vel e ecol\u00f3gica, \u00e9 mais saud\u00e1vel.<\/p>\n<p>Durabilidade superlonga sem oxida\u00e7\u00e3o, com vida \u00fatil de at\u00e9 6.000 horas. Esse \u00e9 o motivo pelo qual a maioria dos ferros de passar roupa, como o\u00a0 <em><a href=\"https:\/\/www.olayer.com\/pt\/news\/o-que-e-um-aquecedor-ptc\/\">Alisador de cabelo com aquecedor PTC<\/a><\/em> Os modeladores de cabelo PTC usam aquecedor PTC.<\/p>\n<p>Temperatura de aquecimento r\u00e1pido, controle autom\u00e1tico de temperatura em caso de falha do ventilador, longa vida \u00fatil.<\/p>\n<p>Ampla faixa de tens\u00e3o, pode projetar a tens\u00e3o com base na necessidade do cliente entre 12V-380V.<\/p>\n<p>N\u00e3o inflam\u00e1vel, seguro e confi\u00e1vel, esse \u00e9 o principal recurso que a maioria dos aquecedores PTC usa em campo, pois \u00e9 o fator de seguran\u00e7a.<\/p>\n<h3>Diferen\u00e7a entre a chapinha PTC e a chapinha MCH.<\/h3>\n<p>Os alisadores de cabelo podem ser divididos em elementos de aquecimento PTC e elementos de aquecimento MCH, de acordo com os diferentes elementos de aquecimento.<\/p>\n<p>A vantagem do elemento de aquecimento MCH \u00e9 que ele \u00e9 ecologicamente correto e tem uma taxa de aquecimento r\u00e1pida. Em geral, 30 a 45 segundos podem fazer com que a temperatura da chapinha atinja 200 graus e dure muito tempo em alta temperatura.<\/p>\n<p>A desvantagem do aquecedor MCH \u00e9 que, como o elemento de aquecimento MCH \u00e9 sinterizado a uma alta temperatura de mais de 1.000 graus, sua temperatura ultrapassar\u00e1 rapidamente os 300 graus depois que o circuito estiver fora de controle, o que queimar\u00e1 o material pl\u00e1stico da chapinha ou do modelador de cabelo, fazendo com que a placa de aquecimento caia e possa queimar a pele do usu\u00e1rio.<\/p>\n<p>Por fim, existem no mercado as chapinhas PTC e as chapinhas MCH, mas a maioria das chapinhas \u00e9 fabricada com aquecedor PTC. O fabricante de chapinhas para alisamento de cabelo Olayer oferece alisadores de cabelo com aquecedor PTC e alisadores de cabelo MCH. Se estiver procurando uma chapinha para alisamento de cabelo personalizada, entre em contato com olayer.com<\/p>\n<p>&nbsp;<\/p>","protected":false},"excerpt":{"rendered":"<p>What is MCH heater MCH (Metal Ceramics Heater), it is  [&#8230;]<\/p>\n","protected":false},"author":1,"featured_media":4284,"parent":4271,"menu_order":0,"comment_status":"closed","ping_status":"closed","template":"","meta":{"footnotes":""},"class_list":["post-4279","page","type-page","status-publish","has-post-thumbnail","hentry"],"_links":{"self":[{"href":"https:\/\/www.olayer.com\/pt\/wp-json\/wp\/v2\/pages\/4279","targetHints":{"allow":["GET"]}}],"collection":[{"href":"https:\/\/www.olayer.com\/pt\/wp-json\/wp\/v2\/pages"}],"about":[{"href":"https:\/\/www.olayer.com\/pt\/wp-json\/wp\/v2\/types\/page"}],"author":[{"embeddable":true,"href":"https:\/\/www.olayer.com\/pt\/wp-json\/wp\/v2\/users\/1"}],"replies":[{"embeddable":true,"href":"https:\/\/www.olayer.com\/pt\/wp-json\/wp\/v2\/comments?post=4279"}],"version-history":[{"count":0,"href":"https:\/\/www.olayer.com\/pt\/wp-json\/wp\/v2\/pages\/4279\/revisions"}],"up":[{"embeddable":true,"href":"https:\/\/www.olayer.com\/pt\/wp-json\/wp\/v2\/pages\/4271"}],"wp:featuredmedia":[{"embeddable":true,"href":"https:\/\/www.olayer.com\/pt\/wp-json\/wp\/v2\/media\/4284"}],"wp:attachment":[{"href":"https:\/\/www.olayer.com\/pt\/wp-json\/wp\/v2\/media?parent=4279"}],"curies":[{"name":"wp","href":"https:\/\/api.w.org\/{rel}","templated":true}]}}