{"id":4274,"date":"2022-01-15T15:40:26","date_gmt":"2022-01-15T15:40:26","guid":{"rendered":"https:\/\/www.olayer.com\/?page_id=4274"},"modified":"2023-02-13T14:44:17","modified_gmt":"2023-02-13T14:44:17","slug":"o-que-e-um-aquecedor-ptc","status":"publish","type":"page","link":"https:\/\/www.olayer.com\/pt\/blog\/o-que-e-um-aquecedor-ptc\/","title":{"rendered":"O que \u00e9 um aquecedor PTC"},"content":{"rendered":"<h2>O que \u00e9 um aquecedor PTC<\/h2>\n<p>O elemento de aquecimento PTC \u00e9 chamado de <strong><em>Aquecedor PTC<\/em><\/strong>O sistema \u00e9 composto por um elemento de aquecimento de cer\u00e2mica PTC e um tubo de alum\u00ednio. <em><strong>Chapinha de cabelo com aquecedor PTC<\/strong><\/em> e <em>Aquecedor PTC para modelagem de cabelos<\/em>A raz\u00e3o para usar isso <strong><em>Ferramentas de modelagem de cabelo com aquecedor PTC<\/em><\/strong> Porque esse tipo de elemento de aquecimento PTC tem as vantagens da pequena resist\u00eancia t\u00e9rmica e da alta efici\u00eancia de troca de calor. \u00c9 um aquecedor el\u00e9trico autom\u00e1tico de temperatura constante e que economiza energia. O principal recurso excepcional \u00e9 o fator de seguran\u00e7a. Em qualquer situa\u00e7\u00e3o de aplica\u00e7\u00e3o, n\u00e3o haver\u00e1 nenhum fen\u00f4meno de \"vermelhid\u00e3o\" na superf\u00edcie do aquecedor de tubo de aquecimento el\u00e9trico, como a placa do alisador de cabelo ou o rolo da chapinha, o que causar\u00e1 escaldamento, inc\u00eandio e outros riscos de seguran\u00e7a. <a href=\"https:\/\/en.wikipedia.org\/wiki\/Heating_element#Polymer_PTC_heating_elements\" target=\"_blank\" rel=\"noopener\">Aquecedor PTC<\/a> para obter mais informa\u00e7\u00f5es sobre isso, e v\u00e1 para <a href=\"https:\/\/www.olayer.com\/pt\/blog\/mch-vs-ptc\/\">Aquecedor PTC e MCH<\/a> para saber a diferen\u00e7a e as vantagens.<img decoding=\"async\" class=\"lazyload  wp-image-4276 alignright\" src=\"https:\/\/www.olayer.com\/wp-content\/uploads\/2022\/01\/PTC-heater-hair-iron.jpg\" data-orig-src=\"https:\/\/www.olayer.com\/wp-content\/uploads\/2022\/01\/PTC-heater-hair-iron.jpg\" alt=\"Chapinha de cabelo com aquecedor PTC\" width=\"435\" height=\"395\" title=\"\" srcset=\"data:image\/svg+xml,%3Csvg%20xmlns%3D%27http%3A%2F%2Fwww.w3.org%2F2000%2Fsvg%27%20width%3D%27435%27%20height%3D%27395%27%20viewBox%3D%270%200%20435%20395%27%3E%3Crect%20width%3D%27435%27%20height%3D%27395%27%20fill-opacity%3D%220%22%2F%3E%3C%2Fsvg%3E\" data-srcset=\"https:\/\/www.olayer.com\/wp-content\/uploads\/2022\/01\/PTC-heater-hair-iron-200x182.jpg 200w, https:\/\/www.olayer.com\/wp-content\/uploads\/2022\/01\/PTC-heater-hair-iron-300x273.jpg 300w, https:\/\/www.olayer.com\/wp-content\/uploads\/2022\/01\/PTC-heater-hair-iron-400x364.jpg 400w, https:\/\/www.olayer.com\/wp-content\/uploads\/2022\/01\/PTC-heater-hair-iron.jpg 539w\" data-sizes=\"auto\" data-orig-sizes=\"(max-width: 435px) 100vw, 435px\" \/><\/p>\n<h3>Como o aquecedor PTC \u00e9 fabricado?<\/h3>\n<p>O elemento de aquecimento PTC \u00e9 composto de placa de press\u00e3o externa galvanizada, placa de mola corrugada de a\u00e7o inoxid\u00e1vel, placa de press\u00e3o interna galvanizada, dissipador de calor de alum\u00ednio de camada \u00fanica, placa de aquecimento PTC, dissipador de calor de alum\u00ednio de camada dupla, terminal de eletrodo de cobre niquelado e revestimento de eletrodo de pl\u00e1stico PPS de alta temperatura.<\/p>\n<p>Devido ao uso de dissipadores de calor corrugados em forma de U, a taxa de dissipa\u00e7\u00e3o de calor dos produtos de elementos de aquecimento PTC \u00e9 melhorada, e as vantagens do tipo adesivo e mec\u00e2nico s\u00e3o combinadas, e v\u00e1rios fen\u00f4menos t\u00e9rmicos e el\u00e9tricos dos elementos de aquecimento PTC durante a opera\u00e7\u00e3o s\u00e3o totalmente considerados. For\u00e7a forte, excelente condutividade t\u00e9rmica e desempenho de dissipa\u00e7\u00e3o de calor, alta efici\u00eancia, seguran\u00e7a e confiabilidade.<\/p>\n<p>Esse tipo de aquecedor PTC tem como vantagens a pequena resist\u00eancia t\u00e9rmica e a alta efici\u00eancia de troca de calor. \u00c9 um aquecedor el\u00e9trico autom\u00e1tico com temperatura constante e economia de energia. Uma de suas caracter\u00edsticas marcantes \u00e9 o desempenho de seguran\u00e7a, ou seja, quando o ventilador falha e para, a pot\u00eancia do aquecedor PTC cai automaticamente de forma acentuada devido \u00e0 dissipa\u00e7\u00e3o insuficiente de calor. Nesse momento, a temperatura da superf\u00edcie do aquecedor \u00e9 mantida em torno da temperatura Curie (geralmente em torno de 250\u00b0C), para n\u00e3o produzir o fen\u00f4meno de \"vermelhid\u00e3o\" na superf\u00edcie dos aquecedores, como os tubos de aquecimento el\u00e9trico<\/p>\n<h3>Como funciona um elemento de aquecimento PTC<\/h3>\n<p><em>Como funciona um elemento de aquecimento PTC<\/em>? O termistor PTC de aquecimento a temperatura constante tem as caracter\u00edsticas de aquecimento a temperatura constante. A temperatura Curie do termistor est\u00e1 relacionada \u00e0 tens\u00e3o aplicada, mas n\u00e3o tem nada a ver com a temperatura ambiente. O aquecedor de PTC \u00e9 um dispositivo de aquecimento projetado com base nas caracter\u00edsticas de aquecimento a temperatura constante do termistor de PTC. Em aplica\u00e7\u00f5es de aquecimento de pequena e m\u00e9dia pot\u00eancia, isso \u00e9 <em>Como funciona o elemento de aquecimento PTC<\/em>.<\/p>\n<p>Os aquecedores PTC t\u00eam as vantagens do aquecimento a temperatura constante, sem chama aberta, com alta taxa de convers\u00e3o t\u00e9rmica, pouca influ\u00eancia da tens\u00e3o da fonte de alimenta\u00e7\u00e3o, longa vida \u00fatil natural e outras vantagens que os elementos de aquecimento tradicionais n\u00e3o conseguem atender. Ele \u00e9 preferido pelos engenheiros de P&amp;D no setor de <strong>Ferramentas de modelagem de cabelo com aquecedor PTC personalizado<\/strong> setor como <em><strong>Chapinha PTC (alisador de cabelo) ou modelador de cachos com aquecedor PTC<\/strong><\/em> Produtos. O termistor PTC de aquecimento de temperatura constante pode ser fabricado em uma variedade de estruturas de formato e especifica\u00e7\u00f5es diferentes. A combina\u00e7\u00e3o dos elementos de aquecimento PTC e dos componentes met\u00e1licos mencionados acima pode formar v\u00e1rias formas de aquecedores PTC de alta pot\u00eancia.<\/p>\n<h3>Vantagens do aquecedor PTC<\/h3>\n<p>A colagem sem cola, saud\u00e1vel e ecol\u00f3gica, \u00e9 mais saud\u00e1vel.<\/p>\n<p>Durabilidade superlonga sem oxida\u00e7\u00e3o, vida \u00fatil de at\u00e9 6.000 horas.<\/p>\n<p>Temperatura de aquecimento r\u00e1pido, controle autom\u00e1tico de temperatura em caso de falha do ventilador, longa vida \u00fatil<\/p>\n<p>Ampla faixa de tens\u00e3o, pode ser projetada de acordo com as necessidades entre 12V-380V<\/p>\n<p>Design conveniente, pode ser projetado de baixa pot\u00eancia a alta pot\u00eancia, e o formato tamb\u00e9m pode ser projetado de acordo com os requisitos<\/p>\n<p>N\u00e3o inflam\u00e1vel, seguro e confi\u00e1vel,<\/p>\n<h3>Para que serve o aquecedor PTC?<\/h3>\n<p><em>Qual elemento de aquecimento PTC est\u00e1 sendo usado para<\/em>? O aquecedor de cer\u00e2mica PTC \u00e9 normalmente usado em pequenos produtos de aplica\u00e7\u00e3o dom\u00e9stica e em produtos de ferramentas de modelagem de cabelo PTC HEATER, como <strong><em>Chapinha para alisamento de cabelo com aquecedor PTC, escova para alisamento de cabelo PTC, modeladores de cabelo PTC<\/em><\/strong>etc. Ele se caracteriza pela baixa pot\u00eancia, mas pela alta efici\u00eancia t\u00e9rmica e praticidade.<\/p>\n<p>Olayer \u00e9 <em>Ferramentas de modelagem de cabelo com aquecedor PTC<\/em> fabricante que oferece chapinha com alisador de cabelo PTC, ferros de ondula\u00e7\u00e3o de cabelo PTC, alisador de cabelo e ferros de ondula\u00e7\u00e3o MCH e outras ferramentas de modelagem de cabelo PTC ou MCH, entre em contato com a olayer para obter mais detalhes.<\/p>","protected":false},"excerpt":{"rendered":"<p>What is PTC heater PTC heating element is called PTC  [&#8230;]<\/p>\n","protected":false},"author":1,"featured_media":4276,"parent":4271,"menu_order":20,"comment_status":"closed","ping_status":"closed","template":"","meta":{"footnotes":""},"class_list":["post-4274","page","type-page","status-publish","has-post-thumbnail","hentry"],"_links":{"self":[{"href":"https:\/\/www.olayer.com\/pt\/wp-json\/wp\/v2\/pages\/4274","targetHints":{"allow":["GET"]}}],"collection":[{"href":"https:\/\/www.olayer.com\/pt\/wp-json\/wp\/v2\/pages"}],"about":[{"href":"https:\/\/www.olayer.com\/pt\/wp-json\/wp\/v2\/types\/page"}],"author":[{"embeddable":true,"href":"https:\/\/www.olayer.com\/pt\/wp-json\/wp\/v2\/users\/1"}],"replies":[{"embeddable":true,"href":"https:\/\/www.olayer.com\/pt\/wp-json\/wp\/v2\/comments?post=4274"}],"version-history":[{"count":0,"href":"https:\/\/www.olayer.com\/pt\/wp-json\/wp\/v2\/pages\/4274\/revisions"}],"up":[{"embeddable":true,"href":"https:\/\/www.olayer.com\/pt\/wp-json\/wp\/v2\/pages\/4271"}],"wp:featuredmedia":[{"embeddable":true,"href":"https:\/\/www.olayer.com\/pt\/wp-json\/wp\/v2\/media\/4276"}],"wp:attachment":[{"href":"https:\/\/www.olayer.com\/pt\/wp-json\/wp\/v2\/media?parent=4274"}],"curies":[{"name":"wp","href":"https:\/\/api.w.org\/{rel}","templated":true}]}}