{"id":4279,"date":"2022-01-15T17:03:17","date_gmt":"2022-01-15T17:03:17","guid":{"rendered":"https:\/\/www.olayer.com\/?page_id=4279"},"modified":"2022-01-26T09:48:55","modified_gmt":"2022-01-26T09:48:55","slug":"mch-vs-ptc","status":"publish","type":"page","link":"https:\/\/www.olayer.com\/nb\/blogg\/mch-vs-ptc\/","title":{"rendered":"MCH vs PTC"},"content":{"rendered":"<h2>Hva er MCH-varmer<\/h2>\n<p>MCH (Metal Ceramics Heater), er det popul\u00e6rt brukt i <strong><em>MCH h\u00e5r rettetang flatt jern<\/em><\/strong> produkter, fordelene med \u00e5 varme opp raskt enn 20-tallet, og temperaturen er bordet langvarig. Den bruker h\u00f8y temperatur co-brent flerlags keramisk teknologi for \u00e5 skrive ut varmebestandighetspastaen (wolfram, molybden, mangan, s\u00f8lv, palladium og andre metaller med h\u00f8yt smeltepunkt) i henhold til designkravene til varmekretsen. P\u00e5 den b\u00e5ndst\u00f8pte gr\u00f8nne kroppen (zirkoniumoksyd, aluminiumoksydkeramikk eller zirkoniumoksydherdet aluminiumoksydkeramikk, etc.), og deretter flerlagslaminering, er varmekretsen innebygd i det keramiske materialet, og sintret ved ca. 1650 \u00b0 C for \u00e5 integrere det keramiske faste stoffet. Det spiller rollen som beskyttelse og isolasjon. Varmekroppen har ingen \u00e5pen flamme, korrosjonsbestandighet, h\u00f8y temperaturbestandighet, lang levetid, h\u00f8y effektivitet og energisparing, stabil og jevn og rask termisk kompensasjon. Produktet inneholder ikke skadelige stoffer som bly, kvikks\u00f8lv og heksavalent krom, og kan fullt ut overholde EU. Milj\u00f8krav.<img decoding=\"async\" class=\"lazyload  wp-image-4281 alignright\" src=\"https:\/\/www.olayer.com\/wp-content\/uploads\/2022\/01\/MCH-heater.jpg\" data-orig-src=\"https:\/\/www.olayer.com\/wp-content\/uploads\/2022\/01\/MCH-heater.jpg\" alt=\"MCH-varmer\" width=\"417\" height=\"392\" title=\"\" srcset=\"data:image\/svg+xml,%3Csvg%20xmlns%3D%27http%3A%2F%2Fwww.w3.org%2F2000%2Fsvg%27%20width%3D%27417%27%20height%3D%27392%27%20viewBox%3D%270%200%20417%20392%27%3E%3Crect%20width%3D%27417%27%20height%3D%27392%27%20fill-opacity%3D%220%22%2F%3E%3C%2Fsvg%3E\" data-srcset=\"https:\/\/www.olayer.com\/wp-content\/uploads\/2022\/01\/MCH-heater-200x188.jpg 200w, https:\/\/www.olayer.com\/wp-content\/uploads\/2022\/01\/MCH-heater-300x282.jpg 300w, https:\/\/www.olayer.com\/wp-content\/uploads\/2022\/01\/MCH-heater-400x376.jpg 400w, https:\/\/www.olayer.com\/wp-content\/uploads\/2022\/01\/MCH-heater-600x565.jpg 600w, https:\/\/www.olayer.com\/wp-content\/uploads\/2022\/01\/MCH-heater.jpg 609w\" data-sizes=\"auto\" data-orig-sizes=\"(max-width: 417px) 100vw, 417px\" \/><\/p>\n<p>MCH keramisk varmeelement og PTC-varmer er vanlige keramiske varmeelementmaterialer som brukes i rettetang og kr\u00f8lltang. Sammenlignet med <em>PTC varme h\u00e5r rettetang flatt jern<\/em>de <strong><em>MCH varmeapparat flatjern<\/em><\/strong> kan spare 20-30% elektrisk energi med samme varmeeffekt, og har h\u00f8y varmeeffektivitet (opptil 98,6%) og sparer energi. Og langvarig bruk uten effektdemping. MCH keramisk varmeapparat varmes raskt opp. N\u00e5r den sl\u00e5s p\u00e5, kan varmeelementet n\u00e5 200 \u00b0C i l\u00f8pet av 10 sekunder, og det kan stige til 800 \u00b0C i l\u00f8pet av 30 sekunder. Langtidsbrukstemperaturen kan n\u00e5 500-700 \u00b0C (PTC-varmeren har en maksimumstemperatur p\u00e5 300 \u00b0C).<\/p>\n<h3>De viktigste r\u00e5varene i MCH-varmeren<\/h3>\n<ul>\n<li>Substrat: hvit flerlags aluminiumoksidkeramikk, \u0430-Al2O3-innhold ikke mindre enn 95%<\/li>\n<li>Ledningstr\u00e5d: nikkeltr\u00e5d med \u04240,25 mm, \u04240,3 mm eller \u04240,5 mm<\/li>\n<li>Hylse, tape: Teflon, h\u00f8ytemperaturbestandig tape<\/li>\n<li>Motstand: materialer med h\u00f8y temperatur, for eksempel wolfram<\/li>\n<li>Produkttykkelse: 0,7 ~ 2,0 mm kan tilpasses<\/li>\n<li>Bruksspenning: 3,7V-4,2V kan tilpasses<\/li>\n<li>Valg av motstandsverdi: mellom 0,3 og 100 ohm, velges i henhold til spenning, brikkest\u00f8rrelse og effekt og kundens behov.<\/li>\n<\/ul>\n<h3>MCH-varmer Ytelse og funksjoner<\/h3>\n<ol start=\"3\">\n<li>enkel struktur, form, st\u00f8rrelse og motstandskraft kan produseres i henhold til kundens behov;<\/li>\n<li>God termisk jevnhet og h\u00f8y effekttetthet: \u226545 W\/cm2;<\/li>\n<li>line\u00e6r motstand-temperatur, og temperaturen kan enkelt styres ved \u00e5 regulere motstanden eller spenningen;<\/li>\n<li>Rask temperaturstigning og rask temperaturkompensering.<br \/>\n500 watt effekt starter 20S og temperaturen n\u00e5r 600 \u2103 eller mer; den nominelle effekten til komponentene starter 10S og n\u00e5r 200 \u2103 eller mer;<\/li>\n<\/ol>\n<ol start=\"5\">\n<li>H\u00f8y oppvarmingstemperatur, opptil 700 \u2103;<\/li>\n<li>H\u00f8y termisk effektivitet, jevn oppvarming og energisparing (enhetens varmeforbruk er 20-30% mindre enn PTC-varmeren);<\/li>\n<li>Navnl\u00f8s ild, overflaten er trygg og uladet;<br \/>\nGod isolasjonsytelse: overflaten er trygg og ikke ladet: den t\u00e5ler motstandsspenningstesten p\u00e5 3700V\/1S, og lekkasjestr\u00f8mmen er 0,5mA;<\/li>\n<\/ol>\n<ol start=\"8\">\n<li>Lang levetid, ingen effektdemping etter lang tids bruk;<\/li>\n<li>Varmeplaten er motstandsdyktig mot syre, alkali og andre korrosive stoffer;<\/li>\n<li>Milj\u00f8vern: inneholder ikke skadelige stoffer som bly, kadmium, kvikks\u00f8lv, seksverdig krom, polybromerte bifenyler, polybromerte difenyletere osv.<\/li>\n<\/ol>\n<p>Fullt ut i samsvar med EUs milj\u00f8vernkrav.<\/p>\n<h2>Hva er PTC-varmer<\/h2>\n<p>PTC (Positive Temperature Coefficient), som oversettes til positiv temperaturkoeffisient, referert til som PTC-termistor, noe av informasjonen kommer fra Wikipedia, hvis du vil vite mer om denne PTC-varmeren, kan du g\u00e5 til <a href=\"https:\/\/en.wikipedia.org\/wiki\/Heating_element#Polymer_PTC_heating_elements\" target=\"_blank\" rel=\"noopener\">PTC-varmer<\/a> side. PTC-platen er ogs\u00e5 sintret ved h\u00f8y temperatur, men den maksimale temperaturen p\u00e5 overflaten kan kontrolleres under sintring. I henhold til kravene fra produsenten av rettetang eller kr\u00f8lltang kan PTC-platen sintres til under 280, eller hvilken som helst temperatur produsenten av flate strykejern \u00f8nsker, vanligvis sintret til 230 til 230 grader. 280 grader. Men ulempen er at oppvarmingshastigheten opp til 200 grader er langsom, vanligvis omtrent ett og et halvt minutt eller 2 minutter. I tillegg, i bruk, kan den ikke fortsette \u00e5 opprettholde en relativt h\u00f8y temperatur som et MCH-varmeelement som kan holde stabil h\u00f8y temperatur under h\u00e5rkr\u00f8lling eller h\u00e5rretting. S\u00e5 det rette h\u00e5ret fra PTC-elementer vil v\u00e6re litt mindre effektivt enn MCH-varmeplaten. <img decoding=\"async\" class=\"lazyload  wp-image-4282 alignright\" src=\"https:\/\/www.olayer.com\/wp-content\/uploads\/2022\/01\/PTC-heater.jpg\" data-orig-src=\"https:\/\/www.olayer.com\/wp-content\/uploads\/2022\/01\/PTC-heater.jpg\" alt=\"PTC-varmer\" width=\"388\" height=\"260\" title=\"\" srcset=\"data:image\/svg+xml,%3Csvg%20xmlns%3D%27http%3A%2F%2Fwww.w3.org%2F2000%2Fsvg%27%20width%3D%27388%27%20height%3D%27260%27%20viewBox%3D%270%200%20388%20260%27%3E%3Crect%20width%3D%27388%27%20height%3D%27260%27%20fill-opacity%3D%220%22%2F%3E%3C%2Fsvg%3E\" data-srcset=\"https:\/\/www.olayer.com\/wp-content\/uploads\/2022\/01\/PTC-heater-200x134.jpg 200w, https:\/\/www.olayer.com\/wp-content\/uploads\/2022\/01\/PTC-heater-300x201.jpg 300w, https:\/\/www.olayer.com\/wp-content\/uploads\/2022\/01\/PTC-heater-400x268.jpg 400w, https:\/\/www.olayer.com\/wp-content\/uploads\/2022\/01\/PTC-heater.jpg 465w\" data-sizes=\"auto\" data-orig-sizes=\"(max-width: 388px) 100vw, 388px\" \/><\/p>\n<h3>Fordeler med PTC-varmer<\/h3>\n<p>Sunn og milj\u00f8vennlig limfri liming er sunnere.<\/p>\n<p>Super lang holdbarhet uten oksidasjon, levetid p\u00e5 opptil 6000 timer. dette er grunnen til at de fleste h\u00e5rstrykejern som\u00a0 <em><a href=\"https:\/\/www.olayer.com\/nb\/news\/hva-er-ptc-varmer\/\">PTC-varmer rettetang for h\u00e5r<\/a><\/em> &amp; PTC h\u00e5r curler er bruk PTC varmeapparat.<\/p>\n<p>Rask oppvarmingstemperatur, automatisk temperaturkontroll i tilfelle viftesvikt, lang levetid.<\/p>\n<p>Bredt spenningsomr\u00e5de, kan designe spenningsbasen p\u00e5 kundens behov mellom 12V-380V.<\/p>\n<p>Ikke-brennbart, trygt og p\u00e5litelig, dette er n\u00f8kkelfunksjonen som de fleste felt bruker PTC-varmer siden sikkerhetsfaktoren.<\/p>\n<h3>Forskjell mellom PTC h\u00e5r rettet flatt jern og MCH flatt jern.<\/h3>\n<p>H\u00e5r rettetang kan deles inn i PTC varmeelementer og MCH varmeelementer i henhold til forskjellige varmeelementer.<\/p>\n<p>Fordelen med MCH-varmeelementet er at det er milj\u00f8vennlig og har en rask oppvarmingshastighet. Vanligvis kan 30 sekunder til 45 sekunder f\u00e5 flatjernstemperaturen til \u00e5 n\u00e5 200 grader. og lenge vare h\u00f8y temperatur.<\/p>\n<p>Ulempen med MCH-varmeren er at siden MCH-varmeelementet er sintret ved en h\u00f8y temperatur p\u00e5 mer enn 1000 grader, vil temperaturen raskt overstige 300 grader etter at kretsen er ute av kontroll, noe som vil brenne ut plastmaterialet til rettetangens glattejern eller kr\u00f8lltang, noe som f\u00e5r varmeplaten til \u00e5 falle av, og det kan brenne huden p\u00e5 brukeren.<\/p>\n<p>Til slutt, p\u00e5 markedet er det PTC flate strykejern og MCH flate strykejern, men for det meste kr\u00f8lltangen vil bli laget av PTC varmeapparat, Olayer h\u00e5r rettetang flat jern produsent tilbyr b\u00e5de PTC varmeapparat h\u00e5r rettetang og MCH h\u00e5r rettetang, hvis du er ute etter tilpasset h\u00e5r rettetang flat jern, er du velkommen til \u00e5 kontakte olayer.com<\/p>\n<p>&nbsp;<\/p>","protected":false},"excerpt":{"rendered":"<p>What is MCH heater MCH (Metal Ceramics Heater), it is  [&#8230;]<\/p>\n","protected":false},"author":1,"featured_media":4284,"parent":4271,"menu_order":0,"comment_status":"closed","ping_status":"closed","template":"","meta":{"footnotes":""},"class_list":["post-4279","page","type-page","status-publish","has-post-thumbnail","hentry"],"_links":{"self":[{"href":"https:\/\/www.olayer.com\/nb\/wp-json\/wp\/v2\/pages\/4279","targetHints":{"allow":["GET"]}}],"collection":[{"href":"https:\/\/www.olayer.com\/nb\/wp-json\/wp\/v2\/pages"}],"about":[{"href":"https:\/\/www.olayer.com\/nb\/wp-json\/wp\/v2\/types\/page"}],"author":[{"embeddable":true,"href":"https:\/\/www.olayer.com\/nb\/wp-json\/wp\/v2\/users\/1"}],"replies":[{"embeddable":true,"href":"https:\/\/www.olayer.com\/nb\/wp-json\/wp\/v2\/comments?post=4279"}],"version-history":[{"count":0,"href":"https:\/\/www.olayer.com\/nb\/wp-json\/wp\/v2\/pages\/4279\/revisions"}],"up":[{"embeddable":true,"href":"https:\/\/www.olayer.com\/nb\/wp-json\/wp\/v2\/pages\/4271"}],"wp:featuredmedia":[{"embeddable":true,"href":"https:\/\/www.olayer.com\/nb\/wp-json\/wp\/v2\/media\/4284"}],"wp:attachment":[{"href":"https:\/\/www.olayer.com\/nb\/wp-json\/wp\/v2\/media?parent=4279"}],"curies":[{"name":"wp","href":"https:\/\/api.w.org\/{rel}","templated":true}]}}