{"id":4274,"date":"2022-01-15T15:40:26","date_gmt":"2022-01-15T15:40:26","guid":{"rendered":"https:\/\/www.olayer.com\/?page_id=4274"},"modified":"2023-02-13T14:44:17","modified_gmt":"2023-02-13T14:44:17","slug":"hva-er-ptc-varmer","status":"publish","type":"page","link":"https:\/\/www.olayer.com\/nb\/blogg\/hva-er-ptc-varmer\/","title":{"rendered":"Hva er PTC-varmer"},"content":{"rendered":"<h2>Hva er PTC-varmer<\/h2>\n<p>PTC-varmeelement kalles <strong><em>PTC-varmer<\/em><\/strong>som best\u00e5r av PTC keramisk varmeelement og aluminiumsr\u00f8r. det er popul\u00e6rt brukt til <em><strong>PTC-varmeapparat rettetang for h\u00e5r<\/strong><\/em> og <em>PTC-varmer h\u00e5rkr\u00f8lltang<\/em>, grunnen til \u00e5 bruke denne <strong><em>PTC-varmer for h\u00e5rstylingverkt\u00f8y<\/em><\/strong> fordi Denne typen PTC-varmeelement har fordelene med liten termisk motstand og h\u00f8y varmeutvekslingseffektivitet. Det er en automatisk konstant temperatur og str\u00f8msparende elektrisk varmeapparat. Den enest\u00e5ende n\u00f8kkelfunksjonen er sikkerhetsfaktoren. I enhver applikasjonssituasjon vil det ikke v\u00e6re noe \"r\u00f8dhet\" -fenomen p\u00e5 overflaten av det elektriske oppvarmingsr\u00f8rvarmeren, for eksempel rettetangplate eller kr\u00f8lltangrulle, noe som vil for\u00e5rsake sk\u00e5lding, brann og andre sikkerhetsfarer, denne informasjonen kommer fra Wikipedia, du kan g\u00e5 til <a href=\"https:\/\/en.wikipedia.org\/wiki\/Heating_element#Polymer_PTC_heating_elements\" target=\"_blank\" rel=\"noopener\">PTC-varmer<\/a> siden for \u00e5 f\u00e5 mer informasjon om dette, og g\u00e5 til <a href=\"https:\/\/www.olayer.com\/nb\/blogg\/mch-vs-ptc\/\">PTC- og MCH-varmer<\/a> for \u00e5 vite forskjellen og fordelene.<img decoding=\"async\" class=\"lazyload  wp-image-4276 alignright\" src=\"https:\/\/www.olayer.com\/wp-content\/uploads\/2022\/01\/PTC-heater-hair-iron.jpg\" data-orig-src=\"https:\/\/www.olayer.com\/wp-content\/uploads\/2022\/01\/PTC-heater-hair-iron.jpg\" alt=\"PTC-varmer h\u00e5rstrykejern\" width=\"435\" height=\"395\" title=\"\" srcset=\"data:image\/svg+xml,%3Csvg%20xmlns%3D%27http%3A%2F%2Fwww.w3.org%2F2000%2Fsvg%27%20width%3D%27435%27%20height%3D%27395%27%20viewBox%3D%270%200%20435%20395%27%3E%3Crect%20width%3D%27435%27%20height%3D%27395%27%20fill-opacity%3D%220%22%2F%3E%3C%2Fsvg%3E\" data-srcset=\"https:\/\/www.olayer.com\/wp-content\/uploads\/2022\/01\/PTC-heater-hair-iron-200x182.jpg 200w, https:\/\/www.olayer.com\/wp-content\/uploads\/2022\/01\/PTC-heater-hair-iron-300x273.jpg 300w, https:\/\/www.olayer.com\/wp-content\/uploads\/2022\/01\/PTC-heater-hair-iron-400x364.jpg 400w, https:\/\/www.olayer.com\/wp-content\/uploads\/2022\/01\/PTC-heater-hair-iron.jpg 539w\" data-sizes=\"auto\" data-orig-sizes=\"(max-width: 435px) 100vw, 435px\" \/><\/p>\n<h3>Hvordan er PTC-varmeren laget?<\/h3>\n<p>PTC-varmeelementet best\u00e5r av galvanisert ytre trykkplate, korrugert fj\u00e6rplate i rustfritt st\u00e5l, galvanisert indre trykkplate, enkeltlags aluminiums kj\u00f8leribbe, PTC-varmeplate, dobbeltlags aluminiums kj\u00f8leribbe, forniklet kobberelektrodeterminal pluss PPS h\u00f8ytemperatur plastelektrodehylse.<\/p>\n<p>P\u00e5 grunn av bruken av u-formede korrugerte kj\u00f8leribber forbedres varmespredningshastigheten til PTC-varmeelementprodukter, og fordelene med lim og mekanisk type kombineres, og ulike termiske og elektriske fenomener av PTC-varmeelementer under drift blir fullt ut vurdert. Sterk kraft, utmerket varmeledningsevne og varmespredningsytelse, h\u00f8y effektivitet, sikkerhet og p\u00e5litelighet.<\/p>\n<p>Denne typen PTC-varmer har fordelene med liten termisk motstand og h\u00f8y varmeutvekslingseffektivitet. Det er en automatisk konstant temperatur og str\u00f8msparende elektrisk varmeapparat. En av de enest\u00e5ende egenskapene er sikkerhetsytelsen, det vil si at n\u00e5r viften svikter og stopper, vil effekten til PTC-varmeren automatisk synke kraftig p\u00e5 grunn av utilstrekkelig varmespredning. P\u00e5 dette tidspunktet holdes varmerens overflatetemperatur p\u00e5 omtrent Curie-temperaturen (vanligvis rundt 250 \u00b0C), slik at fenomenet \"r\u00f8dhet\" p\u00e5 overflaten av varmeovner som elektriske varmer\u00f8r ikke oppst\u00e5r.<\/p>\n<h3>Hvordan fungerer et PTC-varmeelement<\/h3>\n<p><em>Hvordan fungerer et PTC-varmeelement<\/em>? PTC-termistoren med konstant temperaturoppvarming har egenskapene til konstant temperaturoppvarming. Curie-temperaturen til termistoren er relatert til den p\u00e5f\u00f8rte spenningen, men har ingenting \u00e5 gj\u00f8re med omgivelsestemperaturen. PTC-varmer er en varmeenhet som er designet ved \u00e5 bruke konstant temperaturoppvarming PTC-termistorens konstante temperaturoppvarmingsegenskaper. I sm\u00e5 og mellomstore kraftvarmeapplikasjoner er dette <em>hvordan PTC-varmeelementet fungerer<\/em>.<\/p>\n<p>PTC-varmeovner har fordelene med konstant temperaturoppvarming, ingen \u00e5pen flamme, h\u00f8y termisk konverteringsfrekvens, liten p\u00e5virkning av str\u00f8mforsyningsspenning, lang naturlig levetid og andre fordeler som tradisjonelle varmeelementer ikke kan oppfylle. Det er favorisert av FoU-ingeni\u00f8rer i <strong>tilpassede h\u00e5rstylingverkt\u00f8y med PTC-varmer<\/strong> industri som <em><strong>PTC-flatjern (rettetang) eller PTC-kr\u00f8lltang med varmeelement<\/strong><\/em> produkter. PTC-termistoren for konstant temperaturoppvarming kan lages i en rekke formstrukturer og forskjellige spesifikasjoner. Ved \u00e5 kombinere de ovennevnte PTC-varmeelementene og metallkomponentene kan det dannes ulike former for h\u00f8yeffekts PTC-varmere.<\/p>\n<h3>Fordeler med PTC-varmer<\/h3>\n<p>Sunn og milj\u00f8vennlig limfri liming er sunnere.<\/p>\n<p>Superlang holdbarhet uten oksidasjon, levetid p\u00e5 opptil 6000 timer.<\/p>\n<p>Rask oppvarmingstemperatur, automatisk temperaturkontroll i tilfelle viftesvikt, lang levetid<\/p>\n<p>Bredt spenningsomr\u00e5de, kan utformes etter behov mellom 12V-380V<\/p>\n<p>Praktisk design, kan utformes fra lav effekt til h\u00f8y effekt, og formen kan ogs\u00e5 utformes i henhold til kravene<\/p>\n<p>Ikke-brennbart, trygt og p\u00e5litelig,<\/p>\n<h3>Hva er PTC-varmer for?<\/h3>\n<p><em>Hvilket PTC-varmeelement brukes til<\/em>? PTC keramisk varmeapparat brukes normalt i de sm\u00e5 husholdningsapplikasjonene og PTC HEATER h\u00e5r styling verkt\u00f8y produkter, for eksempel <strong><em>PTC varmeapparat rettetang, PTC rettetangb\u00f8rste, PTC kr\u00f8lltang, PTC kr\u00f8lltang<\/em><\/strong>osv. Den er preget av lav effekt, men h\u00f8y termisk effektivitet og praktisk.<\/p>\n<p>Olayer er <em>PTC-varmer for h\u00e5rstylingverkt\u00f8y<\/em> produsent som tilbyr PTC h\u00e5r rettetang flatt jern, PTC h\u00e5r kr\u00f8lltang, MCH h\u00e5r rettetang og kr\u00f8lltang, og andre PTC eller MCH h\u00e5r styling verkt\u00f8y, kontakt olayer for \u00e5 f\u00e5 flere detaljer.<\/p>","protected":false},"excerpt":{"rendered":"<p>What is PTC heater PTC heating element is called PTC  [&#8230;]<\/p>\n","protected":false},"author":1,"featured_media":4276,"parent":4271,"menu_order":20,"comment_status":"closed","ping_status":"closed","template":"","meta":{"footnotes":""},"class_list":["post-4274","page","type-page","status-publish","has-post-thumbnail","hentry"],"_links":{"self":[{"href":"https:\/\/www.olayer.com\/nb\/wp-json\/wp\/v2\/pages\/4274","targetHints":{"allow":["GET"]}}],"collection":[{"href":"https:\/\/www.olayer.com\/nb\/wp-json\/wp\/v2\/pages"}],"about":[{"href":"https:\/\/www.olayer.com\/nb\/wp-json\/wp\/v2\/types\/page"}],"author":[{"embeddable":true,"href":"https:\/\/www.olayer.com\/nb\/wp-json\/wp\/v2\/users\/1"}],"replies":[{"embeddable":true,"href":"https:\/\/www.olayer.com\/nb\/wp-json\/wp\/v2\/comments?post=4274"}],"version-history":[{"count":0,"href":"https:\/\/www.olayer.com\/nb\/wp-json\/wp\/v2\/pages\/4274\/revisions"}],"up":[{"embeddable":true,"href":"https:\/\/www.olayer.com\/nb\/wp-json\/wp\/v2\/pages\/4271"}],"wp:featuredmedia":[{"embeddable":true,"href":"https:\/\/www.olayer.com\/nb\/wp-json\/wp\/v2\/media\/4276"}],"wp:attachment":[{"href":"https:\/\/www.olayer.com\/nb\/wp-json\/wp\/v2\/media?parent=4274"}],"curies":[{"name":"wp","href":"https:\/\/api.w.org\/{rel}","templated":true}]}}