{"id":4279,"date":"2022-01-15T17:03:17","date_gmt":"2022-01-15T17:03:17","guid":{"rendered":"https:\/\/www.olayer.com\/?page_id=4279"},"modified":"2022-01-26T09:48:55","modified_gmt":"2022-01-26T09:48:55","slug":"mch-vs-ptc","status":"publish","type":"page","link":"https:\/\/www.olayer.com\/it\/blog\/mch-vs-ptc\/","title":{"rendered":"MCH vs PTC"},"content":{"rendered":"<h2>Cos'\u00e8 il riscaldatore MCH<\/h2>\n<p>MCH (Riscaldatore metallo-ceramico), \u00e8 molto utilizzato nella <strong><em>Piastra per capelli MCH<\/em><\/strong> I vantaggi sono che il riscaldamento \u00e8 pi\u00f9 veloce di 20 secondi e la temperatura \u00e8 di lunga durata. Utilizza la tecnologia ceramica multistrato co-cotta ad alta temperatura per stampare la pasta di resistenza al riscaldamento (tungsteno, molibdeno, manganese, argento, palladio e altri metalli ad alto punto di fusione) in base ai requisiti di progettazione del circuito di riscaldamento. Sul corpo verde di fusione del nastro (zirconia, ceramica di allumina o ceramica di allumina temprata con zirconia, ecc.), e poi laminazione multistrato, il circuito di riscaldamento \u00e8 costruito nel materiale ceramico, e sinterizzato a circa 1650 \u00b0 C per integrare il solido ceramico. Svolge il ruolo di protezione e isolamento. Il corpo riscaldante \u00e8 privo di fiamme libere, resistente alla corrosione, resistente alle alte temperature, di lunga durata, ad alta efficienza e risparmio energetico, stabile e uniforme e con una rapida compensazione termica. Il prodotto non contiene sostanze nocive come piombo, mercurio e cromo esavalente ed \u00e8 pienamente conforme alle norme dell'Unione Europea. Requisiti ambientali.<img decoding=\"async\" class=\"lazyload  wp-image-4281 alignright\" src=\"https:\/\/www.olayer.com\/wp-content\/uploads\/2022\/01\/MCH-heater.jpg\" data-orig-src=\"https:\/\/www.olayer.com\/wp-content\/uploads\/2022\/01\/MCH-heater.jpg\" alt=\"Riscaldatore MCH\" width=\"417\" height=\"392\" title=\"\" srcset=\"data:image\/svg+xml,%3Csvg%20xmlns%3D%27http%3A%2F%2Fwww.w3.org%2F2000%2Fsvg%27%20width%3D%27417%27%20height%3D%27392%27%20viewBox%3D%270%200%20417%20392%27%3E%3Crect%20width%3D%27417%27%20height%3D%27392%27%20fill-opacity%3D%220%22%2F%3E%3C%2Fsvg%3E\" data-srcset=\"https:\/\/www.olayer.com\/wp-content\/uploads\/2022\/01\/MCH-heater-200x188.jpg 200w, https:\/\/www.olayer.com\/wp-content\/uploads\/2022\/01\/MCH-heater-300x282.jpg 300w, https:\/\/www.olayer.com\/wp-content\/uploads\/2022\/01\/MCH-heater-400x376.jpg 400w, https:\/\/www.olayer.com\/wp-content\/uploads\/2022\/01\/MCH-heater-600x565.jpg 600w, https:\/\/www.olayer.com\/wp-content\/uploads\/2022\/01\/MCH-heater.jpg 609w\" data-sizes=\"auto\" data-orig-sizes=\"(max-width: 417px) 100vw, 417px\" \/><\/p>\n<p>L'elemento riscaldante in ceramica MCH e il riscaldatore PTC sono comuni materiali per elementi riscaldanti in ceramica applicati alle piastre per capelli e agli arricciacapelli. Rispetto a <em>Ferro da stiro per capelli con calore PTC<\/em>, essi <strong><em>Ferro da stiro con riscaldatore MCH<\/em><\/strong> pu\u00f2 risparmiare 20-30% di energia elettrica con lo stesso effetto di riscaldamento, avere un'elevata efficienza di riscaldamento (fino a 98,6%) e risparmiare energia. E l'uso a lungo termine senza attenuazione di potenza. Il riscaldatore ceramico MCH si riscalda rapidamente. All'accensione, l'elemento riscaldante pu\u00f2 raggiungere i 200 \u00b0C in 10 secondi e pu\u00f2 arrivare a 800 \u00b0C in 30 secondi. La temperatura di utilizzo a lungo termine pu\u00f2 raggiungere i 500-700 \u00b0C (il riscaldatore PTC ha una temperatura massima di 300\u2103).<\/p>\n<h3>Principali materie prime del riscaldatore MCH<\/h3>\n<ul>\n<li>Substrato: ceramica di allumina bianca multistrato, con un contenuto di \u0430-Al2O3 non inferiore a 95%.<\/li>\n<li>Filo conduttore: filo di nichel con \u04240,25 mm, \u04240,3 mm o \u04240,5 mm.<\/li>\n<li>Manicotto, nastro: Teflon, nastro resistente alle alte temperature<\/li>\n<li>Resistenza: materiali ad alta temperatura come il tungsteno<\/li>\n<li>Spessore del prodotto: 0,7 ~ 2,0 mm pu\u00f2 essere personalizzato<\/li>\n<li>Tensione di utilizzo: 3,7V-4,2V pu\u00f2 essere personalizzata<\/li>\n<li>Selezione del valore di resistenza: tra 0,3 e 100 ohm, selezionabile in base alla tensione, alla dimensione e alla potenza del chip e alle esigenze del cliente.<\/li>\n<\/ul>\n<h3>Prestazioni e caratteristiche del riscaldatore MCH<\/h3>\n<ol start=\"3\">\n<li>struttura semplice, la forma, le dimensioni e la potenza di resistenza possono essere prodotte in base alle esigenze del cliente;<\/li>\n<li>Buona uniformit\u00e0 termica ed elevata densit\u00e0 di potenza: \u226545 W\/cm2;<\/li>\n<li>La resistenza-temperatura \u00e8 lineare e la temperatura pu\u00f2 essere facilmente controllata mediante il controllo della resistenza o della tensione;<\/li>\n<li>Rapido aumento e rapida compensazione della temperatura.<br \/>\nLa potenza di 500 watt inizia a 20S e la temperatura raggiunge 600\u2103 o pi\u00f9; la potenza nominale dei suoi componenti inizia a 10S e raggiunge 200\u2103 o pi\u00f9;<\/li>\n<\/ol>\n<ol start=\"5\">\n<li>Alta temperatura di riscaldamento, fino a 700\u2103;<\/li>\n<li>Alta efficienza termica, riscaldamento uniforme e risparmio energetico (il consumo unitario di calore \u00e8 inferiore di 20-30% rispetto al riscaldatore PTC);<\/li>\n<li>Fuoco senza nome, la superficie \u00e8 sicura e non carica;<br \/>\nBuone prestazioni di isolamento: la superficie \u00e8 sicura e non carica: pu\u00f2 resistere al test di tensione di 3700V\/1S e la corrente di dispersione \u00e8 di 0,5mA;<\/li>\n<\/ol>\n<ol start=\"8\">\n<li>Lunga durata, nessuna attenuazione della potenza dopo un uso prolungato;<\/li>\n<li>La lastra riscaldante \u00e8 resistente agli acidi, agli alcali e ad altre sostanze corrosive;<\/li>\n<li>Protezione dell'ambiente: non contiene sostanze nocive come piombo, cadmio, mercurio, cromo esavalente, bifenili polibromurati, eteri di difenile polibromurati, ecc.<\/li>\n<\/ol>\n<p>Pienamente conforme ai requisiti di protezione ambientale dell'UE.<\/p>\n<h2>Che cos'\u00e8 il riscaldatore PTC<\/h2>\n<p>PTC (Positive Temperature Coefficient), che si traduce in coefficiente di temperatura positivo, indicato come termistore PTC, alcune informazioni provengono da Wikipedia, se volete saperne di pi\u00f9 su questo riscaldatore PTC, andate su <a href=\"https:\/\/en.wikipedia.org\/wiki\/Heating_element#Polymer_PTC_heating_elements\" target=\"_blank\" rel=\"noopener\">Riscaldatore PTC<\/a> pagina. Anche la piastra PTC viene sinterizzata ad alta temperatura, ma la temperatura massima della sua superficie pu\u00f2 essere controllata durante la sinterizzazione. In base alle esigenze del produttore di piastre per capelli o arricciacapelli, la piastra PTC pu\u00f2 essere sinterizzata a una temperatura inferiore a 280 gradi, o a qualsiasi temperatura desiderata dal produttore di ferri da stiro, generalmente sinterizzata a 230-230 gradi. 280 gradi. Ma lo svantaggio \u00e8 che la velocit\u00e0 di riscaldamento fino a 200 gradi \u00e8 lenta, in genere circa un minuto e mezzo o 2 minuti. Inoltre, durante l'uso, non pu\u00f2 continuare a mantenere una temperatura relativamente alta come gli elementi riscaldanti MCH che possono mantenere una temperatura elevata stabile durante l'arricciatura o la stiratura dei capelli. Pertanto, la stiratura dei capelli con elementi PTC sar\u00e0 leggermente meno efficace rispetto alla piastra riscaldante MCH. <img decoding=\"async\" class=\"lazyload  wp-image-4282 alignright\" src=\"https:\/\/www.olayer.com\/wp-content\/uploads\/2022\/01\/PTC-heater.jpg\" data-orig-src=\"https:\/\/www.olayer.com\/wp-content\/uploads\/2022\/01\/PTC-heater.jpg\" alt=\"Riscaldatore PTC\" width=\"388\" height=\"260\" title=\"\" srcset=\"data:image\/svg+xml,%3Csvg%20xmlns%3D%27http%3A%2F%2Fwww.w3.org%2F2000%2Fsvg%27%20width%3D%27388%27%20height%3D%27260%27%20viewBox%3D%270%200%20388%20260%27%3E%3Crect%20width%3D%27388%27%20height%3D%27260%27%20fill-opacity%3D%220%22%2F%3E%3C%2Fsvg%3E\" data-srcset=\"https:\/\/www.olayer.com\/wp-content\/uploads\/2022\/01\/PTC-heater-200x134.jpg 200w, https:\/\/www.olayer.com\/wp-content\/uploads\/2022\/01\/PTC-heater-300x201.jpg 300w, https:\/\/www.olayer.com\/wp-content\/uploads\/2022\/01\/PTC-heater-400x268.jpg 400w, https:\/\/www.olayer.com\/wp-content\/uploads\/2022\/01\/PTC-heater.jpg 465w\" data-sizes=\"auto\" data-orig-sizes=\"(max-width: 388px) 100vw, 388px\" \/><\/p>\n<h3>Vantaggi del riscaldatore PTC<\/h3>\n<p>L'incollaggio senza colla \u00e8 pi\u00f9 sano ed ecologico.<\/p>\n<p>Durata super lunga senza ossidazione, durata di servizio fino a 6000 ore. questo \u00e8 il motivo per cui la maggior parte dei ferri per capelli come\u00a0 <em><a href=\"https:\/\/www.olayer.com\/it\/news\/che-cose-il-riscaldatore-ptc\/\">Piastra per capelli con riscaldatore PTC<\/a><\/em> I bigodini PTC utilizzano il riscaldatore PTC.<\/p>\n<p>Temperatura di riscaldamento rapida, controllo automatico della temperatura in caso di guasto della ventola, lunga durata.<\/p>\n<p>Ampia gamma di tensione, in grado di progettare la tensione in base alle esigenze del cliente tra 12V-380V.<\/p>\n<p>Non infiammabile, sicuro e affidabile, questa \u00e8 la caratteristica principale per cui la maggior parte dei riscaldatori PTC viene utilizzata sul campo, in quanto fattore di sicurezza.<\/p>\n<h3>Differenza tra la piastra per capelli PTC e la piastra MCH.<\/h3>\n<p>Le piastre per capelli possono essere suddivise in elementi riscaldanti PTC ed elementi riscaldanti MCH in base ai diversi elementi riscaldanti.<\/p>\n<p>Il vantaggio dell'elemento riscaldante MCH \u00e8 che \u00e8 ecologico e ha una velocit\u00e0 di riscaldamento elevata. In genere, da 30 a 45 secondi possono far raggiungere al ferro da stiro una temperatura di 200 gradi e un'elevata durata.<\/p>\n<p>Lo svantaggio del riscaldatore MCH \u00e8 che, poich\u00e9 l'elemento riscaldante MCH \u00e8 sinterizzato a una temperatura elevata di oltre 1000 gradi, la sua temperatura superer\u00e0 rapidamente i 300 gradi dopo che il circuito \u00e8 fuori controllo, il che brucer\u00e0 il materiale plastico del ferro da stiro per capelli o dell'arricciacapelli, causando la caduta della piastra riscaldante, e potrebbe bruciare la pelle dell'utente.<\/p>\n<p>Infine, sul mercato ci sono ferri da stiro PTC e ferri da stiro MCH, ma per lo pi\u00f9 il ferro arricciacapelli sar\u00e0 fatto dal riscaldatore PTC, il produttore di ferro piatto Olayer hair straightener offre sia il raddrizzatore dei capelli del riscaldatore PTC che il raddrizzatore dei capelli MCH, se state cercando il ferro piatto del raddrizzatore dei capelli personalizzato, siete invitati a contattare olayer.com<\/p>\n<p>&nbsp;<\/p>","protected":false},"excerpt":{"rendered":"<p>What is MCH heater MCH (Metal Ceramics Heater), it is  [&#8230;]<\/p>\n","protected":false},"author":1,"featured_media":4284,"parent":4271,"menu_order":0,"comment_status":"closed","ping_status":"closed","template":"","meta":{"footnotes":""},"class_list":["post-4279","page","type-page","status-publish","has-post-thumbnail","hentry"],"_links":{"self":[{"href":"https:\/\/www.olayer.com\/it\/wp-json\/wp\/v2\/pages\/4279","targetHints":{"allow":["GET"]}}],"collection":[{"href":"https:\/\/www.olayer.com\/it\/wp-json\/wp\/v2\/pages"}],"about":[{"href":"https:\/\/www.olayer.com\/it\/wp-json\/wp\/v2\/types\/page"}],"author":[{"embeddable":true,"href":"https:\/\/www.olayer.com\/it\/wp-json\/wp\/v2\/users\/1"}],"replies":[{"embeddable":true,"href":"https:\/\/www.olayer.com\/it\/wp-json\/wp\/v2\/comments?post=4279"}],"version-history":[{"count":0,"href":"https:\/\/www.olayer.com\/it\/wp-json\/wp\/v2\/pages\/4279\/revisions"}],"up":[{"embeddable":true,"href":"https:\/\/www.olayer.com\/it\/wp-json\/wp\/v2\/pages\/4271"}],"wp:featuredmedia":[{"embeddable":true,"href":"https:\/\/www.olayer.com\/it\/wp-json\/wp\/v2\/media\/4284"}],"wp:attachment":[{"href":"https:\/\/www.olayer.com\/it\/wp-json\/wp\/v2\/media?parent=4279"}],"curies":[{"name":"wp","href":"https:\/\/api.w.org\/{rel}","templated":true}]}}