{"id":4274,"date":"2022-01-15T15:40:26","date_gmt":"2022-01-15T15:40:26","guid":{"rendered":"https:\/\/www.olayer.com\/?page_id=4274"},"modified":"2023-02-13T14:44:17","modified_gmt":"2023-02-13T14:44:17","slug":"mi-az-a-ptc-futes","status":"publish","type":"page","link":"https:\/\/www.olayer.com\/hu\/blog\/mi-az-a-ptc-futes\/","title":{"rendered":"Mi az a PTC f\u0171t\u0151test"},"content":{"rendered":"<h2>Mi az a PTC f\u0171t\u0151test<\/h2>\n<p>PTC f\u0171t\u0151elemnek nevezik <strong><em>PTC f\u0171t\u00e9s<\/em><\/strong>, amely PTC ker\u00e1mia f\u0171t\u0151elemb\u0151l \u00e9s alum\u00edniumcs\u0151b\u0151l \u00e1ll. <em><strong>PTC f\u0171t\u00e9s hajkiegyenl\u00edt\u0151 lapos vasal\u00f3<\/strong><\/em> \u00e9s <em>PTC f\u0171t\u00e9s hajs\u00fct\u0151vasak<\/em>, az ok, ami\u00e9rt ezt haszn\u00e1lja <strong><em>PTC f\u0171t\u00e9s hajform\u00e1z\u00f3 eszk\u00f6z\u00f6k<\/em><\/strong> mert az ilyen t\u00edpus\u00fa PTC f\u0171t\u0151elem el\u0151nye a kis h\u0151ellen\u00e1ll\u00e1s \u00e9s a nagy h\u0151csere-hat\u00e9konys\u00e1g. Ez egy automatikus \u00e1lland\u00f3 h\u0151m\u00e9rs\u00e9klet\u0171 \u00e9s energiatakar\u00e9kos elektromos f\u0171t\u0151elem. A kiemelked\u0151 legfontosabb jellemz\u0151je a biztons\u00e1gi t\u00e9nyez\u0151. B\u00e1rmilyen alkalmaz\u00e1si helyzetben nem lesz \"v\u00f6r\u00f6ss\u00e9g\" jelens\u00e9g az elektromos f\u0171t\u0151cs\u0151 f\u0171t\u0151test fel\u00fclet\u00e9n, mint p\u00e9ld\u00e1ul a hajkiegyenes\u00edt\u0151 lemez vagy a hajs\u00fct\u0151vas henger, ami leforr\u00e1z\u00e1st, t\u00fczet \u00e9s egy\u00e9b biztons\u00e1gi kock\u00e1zatokat okoz, ezek az inform\u00e1ci\u00f3k a Wikip\u00e9di\u00e1b\u00f3l sz\u00e1rmaznak, akkor mehet a k\u00f6vetkez\u0151 c\u00edmre <a href=\"https:\/\/en.wikipedia.org\/wiki\/Heating_element#Polymer_PTC_heating_elements\" target=\"_blank\" rel=\"noopener\">PTC f\u0171t\u00e9s<\/a> oldalra, hogy t\u00f6bb inform\u00e1ci\u00f3t tudjon meg err\u0151l, \u00e9s menjen a <a href=\"https:\/\/www.olayer.com\/hu\/blog\/mch-vs-ptc\/\">PTC \u00e9s MCH f\u0171t\u00e9s<\/a> hogy megismerje a k\u00fcl\u00f6nbs\u00e9get \u00e9s az el\u0151ny\u00f6ket.<img decoding=\"async\" class=\"lazyload  wp-image-4276 alignright\" src=\"https:\/\/www.olayer.com\/wp-content\/uploads\/2022\/01\/PTC-heater-hair-iron.jpg\" data-orig-src=\"https:\/\/www.olayer.com\/wp-content\/uploads\/2022\/01\/PTC-heater-hair-iron.jpg\" alt=\"PTC f\u0171t\u00e9s hajvasal\u00f3\" width=\"435\" height=\"395\" title=\"\" srcset=\"data:image\/svg+xml,%3Csvg%20xmlns%3D%27http%3A%2F%2Fwww.w3.org%2F2000%2Fsvg%27%20width%3D%27435%27%20height%3D%27395%27%20viewBox%3D%270%200%20435%20395%27%3E%3Crect%20width%3D%27435%27%20height%3D%27395%27%20fill-opacity%3D%220%22%2F%3E%3C%2Fsvg%3E\" data-srcset=\"https:\/\/www.olayer.com\/wp-content\/uploads\/2022\/01\/PTC-heater-hair-iron-200x182.jpg 200w, https:\/\/www.olayer.com\/wp-content\/uploads\/2022\/01\/PTC-heater-hair-iron-300x273.jpg 300w, https:\/\/www.olayer.com\/wp-content\/uploads\/2022\/01\/PTC-heater-hair-iron-400x364.jpg 400w, https:\/\/www.olayer.com\/wp-content\/uploads\/2022\/01\/PTC-heater-hair-iron.jpg 539w\" data-sizes=\"auto\" data-orig-sizes=\"(max-width: 435px) 100vw, 435px\" \/><\/p>\n<h3>Hogyan k\u00e9sz\u00fcl a PTC f\u0171t\u0151test?<\/h3>\n<p>A PTC f\u0171t\u0151elem horganyzott k\u00fcls\u0151 nyom\u00f3lemezb\u0151l, rozsdamentes ac\u00e9l hull\u00e1mos rug\u00f3lemezb\u0151l, horganyzott bels\u0151 nyom\u00f3lemezb\u0151l, egyr\u00e9teg\u0171 alum\u00ednium h\u0171t\u0151bord\u00e1b\u00f3l, PTC f\u0171t\u0151lemezb\u0151l, k\u00e9tr\u00e9teg\u0171 alum\u00ednium h\u0171t\u0151bord\u00e1b\u00f3l, nikkelezett r\u00e9z elektr\u00f3da csatlakoz\u00f3b\u00f3l \u00e9s PPS magas h\u0151m\u00e9rs\u00e9klet\u0171 m\u0171anyag elektr\u00f3daburokb\u00f3l \u00e1ll.<\/p>\n<p>Az u-alak\u00fa hull\u00e1mos h\u0171t\u0151bord\u00e1k haszn\u00e1lata miatt a PTC f\u0171t\u0151elemek h\u0151lead\u00e1si sebess\u00e9ge javul, \u00e9s a ragaszt\u00f3 \u00e9s a mechanikus t\u00edpus el\u0151nyei kombin\u00e1l\u00f3dnak, valamint a PTC f\u0171t\u0151elemek k\u00fcl\u00f6nb\u00f6z\u0151 termikus \u00e9s elektromos jelens\u00e9geit m\u0171k\u00f6d\u00e9s k\u00f6zben teljes m\u00e9rt\u00e9kben figyelembe veszik. Er\u0151s er\u0151, kiv\u00e1l\u00f3 h\u0151vezet\u00e9si \u00e9s h\u0151lead\u00e1si teljes\u00edtm\u00e9ny, nagy hat\u00e9konys\u00e1g, biztons\u00e1g \u00e9s megb\u00edzhat\u00f3s\u00e1g.<\/p>\n<p>Az ilyen t\u00edpus\u00fa PTC f\u0171t\u0151elemek el\u0151nye a kis h\u0151ellen\u00e1ll\u00e1s \u00e9s a magas h\u0151cser\u00e9l\u0151 hat\u00e9konys\u00e1g. Ez egy automatikus \u00e1lland\u00f3 h\u0151m\u00e9rs\u00e9klet\u0171 \u00e9s energiatakar\u00e9kos elektromos f\u0171t\u0151berendez\u00e9s. Az egyik kiemelked\u0151 jellemz\u0151je a biztons\u00e1gi teljes\u00edtm\u00e9nye, vagyis amikor a ventil\u00e1tor meghib\u00e1sodik \u00e9s le\u00e1ll, a PTC f\u0171t\u0151 teljes\u00edtm\u00e9nye automatikusan meredeken cs\u00f6kken az el\u00e9gtelen h\u0151lead\u00e1s miatt. Ekkor a f\u0171t\u0151test fel\u00fcleti h\u0151m\u00e9rs\u00e9klete k\u00f6r\u00fclbel\u00fcl a Curie-h\u0151m\u00e9rs\u00e9kleten (\u00e1ltal\u00e1ban 250\u00b0C k\u00f6r\u00fcl) marad, hogy ne alakuljon ki a \"v\u00f6r\u00f6ss\u00e9g\" jelens\u00e9ge a f\u0171t\u0151testek, p\u00e9ld\u00e1ul az elektromos f\u0171t\u0151cs\u00f6vek fel\u00fclet\u00e9n.<\/p>\n<h3>Hogyan m\u0171k\u00f6dik egy PTC f\u0171t\u0151elem<\/h3>\n<p><em>Hogyan m\u0171k\u00f6dik egy PTC f\u0171t\u0151elem<\/em>? Az \u00e1lland\u00f3 h\u0151m\u00e9rs\u00e9klet\u0171 f\u0171t\u0151 PTC termisztor az \u00e1lland\u00f3 h\u0151m\u00e9rs\u00e9klet\u0171 f\u0171t\u00e9s jellemz\u0151ivel rendelkezik. A termisztor Curie-h\u0151m\u00e9rs\u00e9klete az alkalmazott fesz\u00fclts\u00e9ghez kapcsol\u00f3dik, de semmi k\u00f6ze a k\u00f6rnyezeti h\u0151m\u00e9rs\u00e9klethez. A PTC f\u0171t\u0151test egy olyan f\u0171t\u0151berendez\u00e9s, amelyet \u00e1lland\u00f3 h\u0151m\u00e9rs\u00e9klet\u0171 f\u0171t\u00e9s PTC termisztor \u00e1lland\u00f3 h\u0151m\u00e9rs\u00e9klet\u0171 f\u0171t\u00e9si jellemz\u0151kkel terveztek. A kis \u00e9s k\u00f6zepes teljes\u00edtm\u00e9ny\u0171 f\u0171t\u00e9si alkalmaz\u00e1sokban ez a <em>hogyan m\u0171k\u00f6dik a PTC f\u0171t\u0151elem<\/em>.<\/p>\n<p>A PTC f\u0171t\u0151elemek el\u0151nye az \u00e1lland\u00f3 h\u0151m\u00e9rs\u00e9klet\u0171 f\u0171t\u00e9s, a ny\u00edlt l\u00e1ng hi\u00e1nya, a magas h\u0151\u00e1talak\u00edt\u00e1si ar\u00e1ny, a t\u00e1pfesz\u00fclts\u00e9g kis hat\u00e1sa, a hossz\u00fa term\u00e9szetes \u00e9lettartam \u00e9s egy\u00e9b olyan el\u0151ny\u00f6k, amelyekkel a hagyom\u00e1nyos f\u0171t\u0151elemek nem tudnak megbirk\u00f3zni. Ezt a K+F m\u00e9rn\u00f6k\u00f6k kedvelik a <strong>egyedi PTC f\u0171t\u00e9s hajform\u00e1z\u00f3 eszk\u00f6z\u00f6k<\/strong> ipar, mint <em><strong>PTC lapos vasal\u00f3 ( hajegyenget\u0151) vagy PTC f\u0171t\u0151 g\u00f6nd\u00f6r\u00edt\u0151vas<\/strong><\/em> term\u00e9kek. Az \u00e1lland\u00f3 h\u0151m\u00e9rs\u00e9klet\u0171 f\u0171t\u0151 PTC termisztor k\u00fcl\u00f6nb\u00f6z\u0151 alak\u00fa szerkezetek \u00e9s k\u00fcl\u00f6nb\u00f6z\u0151 specifik\u00e1ci\u00f3k szerint gy\u00e1rthat\u00f3. A fent eml\u00edtett PTC f\u0171t\u0151elemek \u00e9s f\u00e9m alkatr\u00e9szek kombin\u00e1l\u00e1s\u00e1val k\u00fcl\u00f6nb\u00f6z\u0151 form\u00e1j\u00fa, nagy teljes\u00edtm\u00e9ny\u0171 PTC f\u0171t\u0151testek alak\u00edthat\u00f3k ki.<\/p>\n<h3>A PTC f\u0171t\u00e9s el\u0151nyei<\/h3>\n<p>Az eg\u00e9szs\u00e9ges \u00e9s k\u00f6rnyezetbar\u00e1t ragaszt\u00f3mentes ragaszt\u00e1s eg\u00e9szs\u00e9gesebb.<\/p>\n<p>Szuper hossz\u00fa \u00e9lettartam oxid\u00e1ci\u00f3 n\u00e9lk\u00fcl, \u00e9lettartam ak\u00e1r 6000 \u00f3ra.<\/p>\n<p>Gyors f\u0171t\u00e9si h\u0151m\u00e9rs\u00e9klet, automatikus h\u0151m\u00e9rs\u00e9klet-szab\u00e1lyoz\u00e1s ventil\u00e1torhiba eset\u00e9n, hossz\u00fa \u00e9lettartam<\/p>\n<p>Sz\u00e9les fesz\u00fclts\u00e9gtartom\u00e1ny, az ig\u00e9nyeknek megfelel\u0151en tervezhet\u0151 12V-380V k\u00f6z\u00f6tt<\/p>\n<p>K\u00e9nyelmes kialak\u00edt\u00e1s, kis teljes\u00edtm\u00e9nyt\u0151l nagy teljes\u00edtm\u00e9nyig tervezhet\u0151, \u00e9s az alak is tervezhet\u0151 az ig\u00e9nyeknek megfelel\u0151en<\/p>\n<p>Nem gy\u00fal\u00e9kony, biztons\u00e1gos \u00e9s megb\u00edzhat\u00f3,<\/p>\n<h3>Mire val\u00f3 a PTC f\u0171t\u0151berendez\u00e9s?<\/h3>\n<p><em>Milyen PTC f\u0171t\u0151elemet haszn\u00e1l<\/em>? A PTC ker\u00e1mia f\u0171t\u0151berendez\u00e9st \u00e1ltal\u00e1ban a kis h\u00e1ztart\u00e1si alkalmaz\u00e1si \u00e1rukban \u00e9s a PTC HEATER hajform\u00e1z\u00f3 eszk\u00f6z\u00f6kben haszn\u00e1lt term\u00e9kekben haszn\u00e1lj\u00e1k, p\u00e9ld\u00e1ul <strong><em>PTC f\u0171t\u00e9s hajkiegyenes\u00edt\u0151 vasal\u00f3, PTC hajkiegyenes\u00edt\u0151 kefe, PTC hajg\u00f6nd\u00f6r\u00edt\u0151 vasal\u00f3k<\/em><\/strong>stb. Alacsony teljes\u00edtm\u00e9ny, de magas termikus hat\u00e1sfok \u00e9s praktikum jellemzi.<\/p>\n<p>Olayer is <em>PTC f\u0171t\u00e9s hajform\u00e1z\u00f3 eszk\u00f6z\u00f6k<\/em> gy\u00e1rt\u00f3, amely PTC hajkiegyenes\u00edt\u0151 lapos vasal\u00f3t, PTC hajvasal\u00f3t, MCH hajvasal\u00f3t \u00e9s hajs\u00fct\u0151vasat, valamint m\u00e1s PTC vagy MCH hajform\u00e1z\u00f3 eszk\u00f6z\u00f6ket k\u00edn\u00e1l, l\u00e9pjen kapcsolatba az olayerrel, hogy tov\u00e1bbi r\u00e9szleteket kapjon.<\/p>","protected":false},"excerpt":{"rendered":"<p>What is PTC heater PTC heating element is called PTC  [&#8230;]<\/p>\n","protected":false},"author":1,"featured_media":4276,"parent":4271,"menu_order":20,"comment_status":"closed","ping_status":"closed","template":"","meta":{"footnotes":""},"class_list":["post-4274","page","type-page","status-publish","has-post-thumbnail","hentry"],"_links":{"self":[{"href":"https:\/\/www.olayer.com\/hu\/wp-json\/wp\/v2\/pages\/4274","targetHints":{"allow":["GET"]}}],"collection":[{"href":"https:\/\/www.olayer.com\/hu\/wp-json\/wp\/v2\/pages"}],"about":[{"href":"https:\/\/www.olayer.com\/hu\/wp-json\/wp\/v2\/types\/page"}],"author":[{"embeddable":true,"href":"https:\/\/www.olayer.com\/hu\/wp-json\/wp\/v2\/users\/1"}],"replies":[{"embeddable":true,"href":"https:\/\/www.olayer.com\/hu\/wp-json\/wp\/v2\/comments?post=4274"}],"version-history":[{"count":0,"href":"https:\/\/www.olayer.com\/hu\/wp-json\/wp\/v2\/pages\/4274\/revisions"}],"up":[{"embeddable":true,"href":"https:\/\/www.olayer.com\/hu\/wp-json\/wp\/v2\/pages\/4271"}],"wp:featuredmedia":[{"embeddable":true,"href":"https:\/\/www.olayer.com\/hu\/wp-json\/wp\/v2\/media\/4276"}],"wp:attachment":[{"href":"https:\/\/www.olayer.com\/hu\/wp-json\/wp\/v2\/media?parent=4274"}],"curies":[{"name":"wp","href":"https:\/\/api.w.org\/{rel}","templated":true}]}}