{"id":3763,"date":"2021-12-07T03:56:20","date_gmt":"2021-12-07T03:56:20","guid":{"rendered":"https:\/\/www.olayer.com\/?page_id=3763"},"modified":"2021-12-07T06:54:01","modified_gmt":"2021-12-07T06:54:01","slug":"adatvedelmi-politika","status":"publish","type":"page","link":"https:\/\/www.olayer.com\/hu\/adatvedelmi-politika\/","title":{"rendered":"Adatv\u00e9delmi ir\u00e1nyelvek"},"content":{"rendered":"<p>Az Olayer komolyan veszi az adatv\u00e9delmet. Ez az adatv\u00e9delmi szab\u00e1lyzat elmagyar\u00e1zza, hogy kik vagyunk, hogyan gy\u0171jtj\u00fck, osztjuk meg \u00e9s haszn\u00e1ljuk fel a szem\u00e9lyes adatokat, \u00e9s hogyan gyakorolhatja adatv\u00e9delmi jogait.<\/p>\n<p>Ez az adatv\u00e9delmi politika veszi az adatokat gy\u0171jt\u00fcnk \u00d6nr\u0151l, amikor \u00e9rdekes a hajvasal\u00f3 term\u00e9kek vagy szolg\u00e1ltat\u00e1sok, vagy m\u00e1s m\u00f3don szerz\u0151d\u00e9st gy\u00e1rt\u00e1si szolg\u00e1ltat\u00e1s vel\u00fcnk (p\u00e9ld\u00e1ul az\u00e1ltal, hogy t\u00e1j\u00e9koztatt\u00e1k az \u00faj modellek), K\u00edn\u00e1lunk sz\u00e9les k\u00f6r\u0171 hajform\u00e1z\u00f3 eszk\u00f6z\u00f6k term\u00e9kek, bele\u00e9rtve a haj kiegyenes\u00edt\u0151t, professzion\u00e1lis hajcsavar\u00f3, automatikus hajcsavar\u00f3, hajsz\u00e1r\u00edt\u00f3, nagy sebess\u00e9g\u0171 hajsz\u00e1r\u00edt\u00f3 term\u00e9kek, Mi utalunk az \u00f6sszes ilyen hajvasal\u00f3 term\u00e9kek \u00e9s egy\u00e9b elektromos szerel\u00e9si szolg\u00e1ltat\u00e1sok ebben a politik\u00e1ban.<\/p>\n<p>Ez a politika azt is elmagyar\u00e1zza, hogy hogyan fogjuk haszn\u00e1lni az \u00d6n adatait, amelyek k\u00f6z\u00e9 tartozik, hogyan tudjuk k\u00fcldeni \u00d6nnek az inform\u00e1ci\u00f3kat az \u00faj modellek vagy b\u00e1rmilyen k\u00fcl\u00f6nleges \u00e1rat az \u00f6sszes hajszersz\u00e1mok, Ha nem \u00e9rt egyet ezzel a politik\u00e1val, ne l\u00e9pjen be, vagy haszn\u00e1lja a Szolg\u00e1ltat\u00e1sainkat, vagy l\u00e9pjen kapcsolatba b\u00e1rmely m\u00e1s szempontb\u00f3l a mi \u00fczleti.<\/p>","protected":false},"excerpt":{"rendered":"<p>Olayer takes data privacy seriously. This privacy policy explains who  [&#8230;]<\/p>\n","protected":false},"author":1,"featured_media":0,"parent":0,"menu_order":0,"comment_status":"closed","ping_status":"closed","template":"","meta":{"footnotes":""},"class_list":["post-3763","page","type-page","status-publish","hentry"],"_links":{"self":[{"href":"https:\/\/www.olayer.com\/hu\/wp-json\/wp\/v2\/pages\/3763","targetHints":{"allow":["GET"]}}],"collection":[{"href":"https:\/\/www.olayer.com\/hu\/wp-json\/wp\/v2\/pages"}],"about":[{"href":"https:\/\/www.olayer.com\/hu\/wp-json\/wp\/v2\/types\/page"}],"author":[{"embeddable":true,"href":"https:\/\/www.olayer.com\/hu\/wp-json\/wp\/v2\/users\/1"}],"replies":[{"embeddable":true,"href":"https:\/\/www.olayer.com\/hu\/wp-json\/wp\/v2\/comments?post=3763"}],"version-history":[{"count":0,"href":"https:\/\/www.olayer.com\/hu\/wp-json\/wp\/v2\/pages\/3763\/revisions"}],"wp:attachment":[{"href":"https:\/\/www.olayer.com\/hu\/wp-json\/wp\/v2\/media?parent=3763"}],"curies":[{"name":"wp","href":"https:\/\/api.w.org\/{rel}","templated":true}]}}