{"id":4274,"date":"2022-01-15T15:40:26","date_gmt":"2022-01-15T15:40:26","guid":{"rendered":"https:\/\/www.olayer.com\/?page_id=4274"},"modified":"2023-02-13T14:44:17","modified_gmt":"2023-02-13T14:44:17","slug":"quest-ce-quun-rechauffeur-ptc","status":"publish","type":"page","link":"https:\/\/www.olayer.com\/fr\/blog\/quest-ce-quun-rechauffeur-ptc\/","title":{"rendered":"Qu'est-ce qu'un chauffage PTC ?"},"content":{"rendered":"<h2>Qu'est-ce qu'un chauffage PTC ?<\/h2>\n<p>L'\u00e9l\u00e9ment chauffant PTC est appel\u00e9 <strong><em>Chauffage PTC<\/em><\/strong>Il est compos\u00e9 d'un \u00e9l\u00e9ment chauffant en c\u00e9ramique PTC et d'un tube en aluminium. <em><strong>Fer \u00e0 lisser avec chauffage PTC<\/strong><\/em> et <em>Fers \u00e0 friser \u00e0 chauffage PTC<\/em>La raison de l'utilisation de cette <strong><em>Outils de coiffure \u00e0 chauffage PTC<\/em><\/strong> parce que ce type d'\u00e9l\u00e9ment chauffant CTP pr\u00e9sente les avantages d'une faible r\u00e9sistance thermique et d'une grande efficacit\u00e9 d'\u00e9change de chaleur. Il s'agit d'un chauffage \u00e9lectrique automatique \u00e0 temp\u00e9rature constante et \u00e0 faible consommation d'\u00e9nergie. La principale caract\u00e9ristique est le facteur de s\u00e9curit\u00e9. Dans toutes les situations d'application, il n'y aura pas de ph\u00e9nom\u00e8ne de \"rougeur\" \u00e0 la surface du tube chauffant \u00e9lectrique tel que la plaque du lisseur \u00e0 cheveux ou le rouleau du fer \u00e0 friser, ce qui entra\u00eenerait des br\u00fblures, des incendies et d'autres risques pour la s\u00e9curit\u00e9. <a href=\"https:\/\/en.wikipedia.org\/wiki\/Heating_element#Polymer_PTC_heating_elements\" target=\"_blank\" rel=\"noopener\">Chauffage PTC<\/a> pour obtenir plus d'informations \u00e0 ce sujet, et se rendre sur le site <a href=\"https:\/\/www.olayer.com\/fr\/blog\/mch-vs-ptc\/\">Chauffage PTC &amp; MCH<\/a> pour en conna\u00eetre la diff\u00e9rence et les avantages.<img decoding=\"async\" class=\"lazyload  wp-image-4276 alignright\" src=\"https:\/\/www.olayer.com\/wp-content\/uploads\/2022\/01\/PTC-heater-hair-iron.jpg\" data-orig-src=\"https:\/\/www.olayer.com\/wp-content\/uploads\/2022\/01\/PTC-heater-hair-iron.jpg\" alt=\"Fer \u00e0 cheveux avec chauffage PTC\" width=\"435\" height=\"395\" title=\"\" srcset=\"data:image\/svg+xml,%3Csvg%20xmlns%3D%27http%3A%2F%2Fwww.w3.org%2F2000%2Fsvg%27%20width%3D%27435%27%20height%3D%27395%27%20viewBox%3D%270%200%20435%20395%27%3E%3Crect%20width%3D%27435%27%20height%3D%27395%27%20fill-opacity%3D%220%22%2F%3E%3C%2Fsvg%3E\" data-srcset=\"https:\/\/www.olayer.com\/wp-content\/uploads\/2022\/01\/PTC-heater-hair-iron-200x182.jpg 200w, https:\/\/www.olayer.com\/wp-content\/uploads\/2022\/01\/PTC-heater-hair-iron-300x273.jpg 300w, https:\/\/www.olayer.com\/wp-content\/uploads\/2022\/01\/PTC-heater-hair-iron-400x364.jpg 400w, https:\/\/www.olayer.com\/wp-content\/uploads\/2022\/01\/PTC-heater-hair-iron.jpg 539w\" data-sizes=\"auto\" data-orig-sizes=\"(max-width: 435px) 100vw, 435px\" \/><\/p>\n<h3>Comment est fabriqu\u00e9 le r\u00e9chauffeur PTC ?<\/h3>\n<p>L'\u00e9l\u00e9ment chauffant PTC est compos\u00e9 d'une plaque de pression ext\u00e9rieure galvanis\u00e9e, d'une plaque de ressort ondul\u00e9e en acier inoxydable, d'une plaque de pression int\u00e9rieure galvanis\u00e9e, d'un dissipateur thermique en aluminium \u00e0 simple couche, d'une plaque chauffante PTC, d'un dissipateur thermique en aluminium \u00e0 double couche, d'une borne d'\u00e9lectrode en cuivre nickel\u00e9 et d'une gaine d'\u00e9lectrode en plastique PPS \u00e0 haute temp\u00e9rature.<\/p>\n<p>Gr\u00e2ce \u00e0 l'utilisation de dissipateurs thermiques ondul\u00e9s en forme de U, le taux de dissipation thermique des \u00e9l\u00e9ments chauffants CTP est am\u00e9lior\u00e9, les avantages des types adh\u00e9sif et m\u00e9canique sont combin\u00e9s et les divers ph\u00e9nom\u00e8nes thermiques et \u00e9lectriques des \u00e9l\u00e9ments chauffants CTP pendant le fonctionnement sont pleinement pris en compte. Forte force, excellente conductivit\u00e9 thermique et performance de dissipation de la chaleur, haute efficacit\u00e9, s\u00e9curit\u00e9 et fiabilit\u00e9.<\/p>\n<p>Ce type de chauffage PTC pr\u00e9sente les avantages d'une faible r\u00e9sistance thermique et d'une grande efficacit\u00e9 d'\u00e9change de chaleur. Il s'agit d'un chauffage \u00e9lectrique automatique \u00e0 temp\u00e9rature constante et \u00e0 \u00e9conomie d'\u00e9nergie. L'une de ses caract\u00e9ristiques exceptionnelles est sa performance en mati\u00e8re de s\u00e9curit\u00e9, c'est-\u00e0-dire que lorsque le ventilateur tombe en panne et s'arr\u00eate, la puissance de l'\u00e9l\u00e9ment chauffant CTP chute automatiquement en raison d'une dissipation thermique insuffisante. \u00c0 ce moment-l\u00e0, la temp\u00e9rature de surface du chauffage est maintenue \u00e0 peu pr\u00e8s \u00e0 la temp\u00e9rature de Curie (g\u00e9n\u00e9ralement autour de 250\u00b0C), afin de ne pas produire le ph\u00e9nom\u00e8ne de \"rougeur\" \u00e0 la surface des appareils de chauffage tels que les tubes chauffants \u00e9lectriques.<\/p>\n<h3>Comment fonctionne un \u00e9l\u00e9ment chauffant PTC ?<\/h3>\n<p><em>Comment fonctionne un \u00e9l\u00e9ment chauffant PTC ?<\/em>? La thermistance CTP \u00e0 temp\u00e9rature constante a les caract\u00e9ristiques d'un chauffage \u00e0 temp\u00e9rature constante. La temp\u00e9rature de Curie de la thermistance est li\u00e9e \u00e0 la tension appliqu\u00e9e, mais n'a rien \u00e0 voir avec la temp\u00e9rature ambiante. Le chauffage CTP est un dispositif de chauffage con\u00e7u en utilisant les caract\u00e9ristiques de chauffage \u00e0 temp\u00e9rature constante de la thermistance CTP. Dans les applications de chauffage de petite et moyenne puissance, il s'agit d'un dispositif de chauffage \u00e0 temp\u00e9rature constante. <em>comment fonctionne l'\u00e9l\u00e9ment chauffant PTC<\/em>.<\/p>\n<p>Les \u00e9l\u00e9ments chauffants PTC pr\u00e9sentent les avantages d'un chauffage \u00e0 temp\u00e9rature constante, de l'absence de flamme nue, d'un taux de conversion thermique \u00e9lev\u00e9, d'une faible influence de la tension d'alimentation, d'une longue dur\u00e9e de vie naturelle et d'autres avantages que les \u00e9l\u00e9ments chauffants traditionnels ne peuvent pas offrir. Ils sont privil\u00e9gi\u00e9s par les ing\u00e9nieurs en recherche et d\u00e9veloppement dans les domaines suivants <strong>outils de coiffure \u00e0 chauffage PTC personnalis\u00e9<\/strong> l'industrie comme <em><strong>Fer plat PTC (lisseur) ou fer \u00e0 friser PTC chauffant<\/strong><\/em> produits. Le thermistor CTP \u00e0 temp\u00e9rature constante peut \u00eatre fabriqu\u00e9 dans une vari\u00e9t\u00e9 de structures de forme et de sp\u00e9cifications diff\u00e9rentes. La combinaison des \u00e9l\u00e9ments chauffants CTP et des composants m\u00e9talliques susmentionn\u00e9s peut donner lieu \u00e0 diverses formes d'\u00e9l\u00e9ments chauffants CTP de grande puissance.<\/p>\n<h3>Avantages du chauffage PTC<\/h3>\n<p>Le collage sans colle est plus sain et plus respectueux de l'environnement.<\/p>\n<p>Tr\u00e8s longue dur\u00e9e de vie sans oxydation, dur\u00e9e de vie jusqu'\u00e0 6000 heures.<\/p>\n<p>Temp\u00e9rature de chauffage rapide, contr\u00f4le automatique de la temp\u00e9rature en cas de panne du ventilateur, longue dur\u00e9e de vie.<\/p>\n<p>Large plage de tension, pouvant \u00eatre con\u00e7ue en fonction des besoins entre 12V et 380V<\/p>\n<p>Conception pratique, pouvant aller de la faible puissance \u00e0 la puissance \u00e9lev\u00e9e, et la forme peut \u00e9galement \u00eatre con\u00e7ue en fonction des besoins.<\/p>\n<p>Ininflammable, s\u00fbr et fiable,<\/p>\n<h3>\u00c0 quoi sert le r\u00e9chauffeur PTC ?<\/h3>\n<p><em>Quel est l'\u00e9l\u00e9ment chauffant PTC utilis\u00e9 pour<\/em>? Le chauffage c\u00e9ramique PTC est normalement utilis\u00e9 dans les petites applications domestiques et les produits de coiffure PTC HEATER, tels que <strong><em>Fer \u00e0 lisser PTC, brosse \u00e0 lisser PTC, fer \u00e0 friser PTC<\/em><\/strong>etc. Il se caract\u00e9rise par une faible puissance, mais un rendement thermique \u00e9lev\u00e9 et une grande praticit\u00e9.<\/p>\n<p>Olayer est <em>Outils de coiffure \u00e0 chauffage PTC<\/em> fabricant qui propose des fers \u00e0 lisser PTC, des fers \u00e0 friser PTC, des fers \u00e0 lisser et \u00e0 friser MCH, et d'autres outils de coiffure PTC ou MCH, contactez olayer pour obtenir plus de d\u00e9tails.<\/p>","protected":false},"excerpt":{"rendered":"<p>What is PTC heater PTC heating element is called PTC  [&#8230;]<\/p>\n","protected":false},"author":1,"featured_media":4276,"parent":4271,"menu_order":20,"comment_status":"closed","ping_status":"closed","template":"","meta":{"footnotes":""},"class_list":["post-4274","page","type-page","status-publish","has-post-thumbnail","hentry"],"_links":{"self":[{"href":"https:\/\/www.olayer.com\/fr\/wp-json\/wp\/v2\/pages\/4274","targetHints":{"allow":["GET"]}}],"collection":[{"href":"https:\/\/www.olayer.com\/fr\/wp-json\/wp\/v2\/pages"}],"about":[{"href":"https:\/\/www.olayer.com\/fr\/wp-json\/wp\/v2\/types\/page"}],"author":[{"embeddable":true,"href":"https:\/\/www.olayer.com\/fr\/wp-json\/wp\/v2\/users\/1"}],"replies":[{"embeddable":true,"href":"https:\/\/www.olayer.com\/fr\/wp-json\/wp\/v2\/comments?post=4274"}],"version-history":[{"count":0,"href":"https:\/\/www.olayer.com\/fr\/wp-json\/wp\/v2\/pages\/4274\/revisions"}],"up":[{"embeddable":true,"href":"https:\/\/www.olayer.com\/fr\/wp-json\/wp\/v2\/pages\/4271"}],"wp:featuredmedia":[{"embeddable":true,"href":"https:\/\/www.olayer.com\/fr\/wp-json\/wp\/v2\/media\/4276"}],"wp:attachment":[{"href":"https:\/\/www.olayer.com\/fr\/wp-json\/wp\/v2\/media?parent=4274"}],"curies":[{"name":"wp","href":"https:\/\/api.w.org\/{rel}","templated":true}]}}