{"id":4274,"date":"2022-01-15T15:40:26","date_gmt":"2022-01-15T15:40:26","guid":{"rendered":"https:\/\/www.olayer.com\/?page_id=4274"},"modified":"2023-02-13T14:44:17","modified_gmt":"2023-02-13T14:44:17","slug":"mika-on-ptc-lammitin","status":"publish","type":"page","link":"https:\/\/www.olayer.com\/fi\/blogi\/mika-on-ptc-lammitin\/","title":{"rendered":"Mik\u00e4 on PTC-l\u00e4mmitin"},"content":{"rendered":"<h2>Mik\u00e4 on PTC-l\u00e4mmitin<\/h2>\n<p>PTC-l\u00e4mmityselementti\u00e4 kutsutaan <strong><em>PTC-l\u00e4mmitin<\/em><\/strong>, joka koostuu PTC-keramiikkal\u00e4mmityselementist\u00e4 ja alumiiniputkesta.Se on suosittu sovellettu <em><strong>PTC l\u00e4mmitin hiusten suoristusrauta litte\u00e4 rauta<\/strong><\/em> ja <em>PTC l\u00e4mmitin hiukset kihartimet<\/em>, syy t\u00e4h\u00e4n <strong><em>PTC-l\u00e4mmitin hiusten muotoiluty\u00f6kalut<\/em><\/strong> koska t\u00e4m\u00e4ntyyppisen PTC-l\u00e4mmityselementin etuna on pieni l\u00e4mp\u00f6resistanssi ja korkea l\u00e4mm\u00f6nvaihtotehokkuus. Se on automaattinen vakiol\u00e4mp\u00f6tila- ja virrans\u00e4\u00e4st\u00f6s\u00e4hk\u00f6l\u00e4mmitin. Erinomainen keskeinen ominaisuus on turvallisuustekij\u00e4. Miss\u00e4 tahansa sovellustilanteessa s\u00e4hk\u00f6l\u00e4mmitysputken l\u00e4mmittimen, kuten hiusten suoristuslaitteen levyn tai kihartimen rullan, pinnalla ei ole \"punoitusta\" -ilmi\u00f6t\u00e4, joka aiheuttaa kuumennusta, tulipaloa ja muita turvallisuusriskej\u00e4, n\u00e4m\u00e4 tiedot ovat per\u00e4isin Wikipediasta, voit menn\u00e4 osoitteeseen <a href=\"https:\/\/en.wikipedia.org\/wiki\/Heating_element#Polymer_PTC_heating_elements\" target=\"_blank\" rel=\"noopener\">PTC-l\u00e4mmitin<\/a> sivulla lis\u00e4tietoja siit\u00e4, ja siirry osoitteeseen <a href=\"https:\/\/www.olayer.com\/fi\/blogi\/mch-vs-ptc\/\">PTC- ja MCH-l\u00e4mmitin<\/a> tiet\u00e4\u00e4 eron ja edut.<img decoding=\"async\" class=\"lazyload  wp-image-4276 alignright\" src=\"https:\/\/www.olayer.com\/wp-content\/uploads\/2022\/01\/PTC-heater-hair-iron.jpg\" data-orig-src=\"https:\/\/www.olayer.com\/wp-content\/uploads\/2022\/01\/PTC-heater-hair-iron.jpg\" alt=\"PTC-l\u00e4mmitin hiusrauta\" width=\"435\" height=\"395\" title=\"\" srcset=\"data:image\/svg+xml,%3Csvg%20xmlns%3D%27http%3A%2F%2Fwww.w3.org%2F2000%2Fsvg%27%20width%3D%27435%27%20height%3D%27395%27%20viewBox%3D%270%200%20435%20395%27%3E%3Crect%20width%3D%27435%27%20height%3D%27395%27%20fill-opacity%3D%220%22%2F%3E%3C%2Fsvg%3E\" data-srcset=\"https:\/\/www.olayer.com\/wp-content\/uploads\/2022\/01\/PTC-heater-hair-iron-200x182.jpg 200w, https:\/\/www.olayer.com\/wp-content\/uploads\/2022\/01\/PTC-heater-hair-iron-300x273.jpg 300w, https:\/\/www.olayer.com\/wp-content\/uploads\/2022\/01\/PTC-heater-hair-iron-400x364.jpg 400w, https:\/\/www.olayer.com\/wp-content\/uploads\/2022\/01\/PTC-heater-hair-iron.jpg 539w\" data-sizes=\"auto\" data-orig-sizes=\"(max-width: 435px) 100vw, 435px\" \/><\/p>\n<h3>Miten PTC-l\u00e4mmitin valmistetaan?<\/h3>\n<p>PTC-l\u00e4mmityselementti koostuu galvanoidusta ulommasta painelevyst\u00e4, ruostumattomasta ter\u00e4ksest\u00e4 valmistetusta aaltopahvistetusta jousilevyst\u00e4, galvanoidusta sis\u00e4isest\u00e4 painelevyst\u00e4, yksikerroksisesta alumiinisesta j\u00e4\u00e4hdytyslevyst\u00e4, PTC-l\u00e4mmityslevyst\u00e4, kaksikerroksisesta alumiinisesta j\u00e4\u00e4hdytyslevyst\u00e4, nikkel\u00f6idyst\u00e4 kuparielektrodin liittimest\u00e4 sek\u00e4 PPS-korkean l\u00e4mp\u00f6tilan muovielektrodin vaipasta.<\/p>\n<p>U-muotoisten aaltopahvien j\u00e4\u00e4hdytyslevyjen k\u00e4yt\u00f6n ansiosta PTC-l\u00e4mmityselementtituotteiden l\u00e4mm\u00f6nh\u00e4vi\u00e4misnopeus paranee, ja liimaus- ja mekaanisen tyypin edut yhdistet\u00e4\u00e4n, ja PTC-l\u00e4mmityselementtien erilaiset l\u00e4mp\u00f6- ja s\u00e4hk\u00f6iset ilmi\u00f6t toiminnan aikana otetaan t\u00e4ysin huomioon. Vahva voima, erinomainen l\u00e4mm\u00f6njohtavuus ja l\u00e4mm\u00f6ntuottokyky, korkea hy\u00f6tysuhde, turvallisuus ja luotettavuus.<\/p>\n<p>T\u00e4m\u00e4ntyyppisen PTC-l\u00e4mmittimen etuna on pieni l\u00e4mp\u00f6resistanssi ja korkea l\u00e4mm\u00f6nvaihtotehokkuus. Se on automaattinen vakiol\u00e4mp\u00f6tila- ja virrans\u00e4\u00e4st\u00f6s\u00e4hk\u00f6l\u00e4mmitin. Yksi sen erinomaisista ominaisuuksista on sen turvallisuustoiminto, eli kun tuuletin ei toimi ja pys\u00e4htyy, PTC-l\u00e4mmittimen teho laskee automaattisesti jyrk\u00e4sti riitt\u00e4m\u00e4tt\u00f6m\u00e4n l\u00e4mm\u00f6ntuottamisen vuoksi. T\u00e4ll\u00f6in l\u00e4mmittimen pintal\u00e4mp\u00f6tila pidet\u00e4\u00e4n noin Curie-l\u00e4mp\u00f6tilassa (yleens\u00e4 noin 250 \u00b0C), jotta l\u00e4mmittimien, kuten s\u00e4hk\u00f6l\u00e4mmitysputkien, pinnalla ei esiinny \"punoitusta\".<\/p>\n<h3>Miten PTC-l\u00e4mmityselementti toimii<\/h3>\n<p><em>Miten PTC-l\u00e4mmityselementti toimii<\/em>? Vakiol\u00e4mp\u00f6tilal\u00e4mmitys PTC-termistorilla on vakiol\u00e4mp\u00f6tilal\u00e4mmityksen ominaisuudet. Termistorin Curie-l\u00e4mp\u00f6tila liittyy sy\u00f6tettyyn j\u00e4nnitteeseen, mutta sill\u00e4 ei ole mit\u00e4\u00e4n tekemist\u00e4 ymp\u00e4rist\u00f6n l\u00e4mp\u00f6tilan kanssa. PTC-l\u00e4mmitin on l\u00e4mmityslaite, joka on suunniteltu k\u00e4ytt\u00e4m\u00e4ll\u00e4 vakiol\u00e4mp\u00f6tilan l\u00e4mmitys PTC-termistorin vakiol\u00e4mp\u00f6tilan l\u00e4mmitysominaisuuksia. Pieniss\u00e4 ja keskitehoisissa l\u00e4mmityssovelluksissa t\u00e4m\u00e4 on <em>miten PTC-l\u00e4mmityselementti toimii<\/em>.<\/p>\n<p>PTC-l\u00e4mmittimien etuna on vakiol\u00e4mp\u00f6tilal\u00e4mmitys, ei avoliekki\u00e4, korkea l\u00e4mp\u00f6muunnosnopeus, virtal\u00e4hteen j\u00e4nnitteen v\u00e4h\u00e4inen vaikutus, pitk\u00e4 luonnollinen k\u00e4ytt\u00f6ik\u00e4 ja muita etuja, joita perinteiset l\u00e4mmityselementit eiv\u00e4t pysty t\u00e4ytt\u00e4m\u00e4\u00e4n. T&amp;K-insin\u00f6\u00f6rit suosivat sit\u00e4. <strong>mukautetut PTC-l\u00e4mmitin hiusten muotoiluty\u00f6kalut<\/strong> teollisuus kuten <em><strong>PTC-lattavirauta (hiusten suoristusrauta) tai PTC-l\u00e4mmitin kihartimella.<\/strong><\/em> tuotteet. Vakiol\u00e4mp\u00f6tilal\u00e4mmitteinen PTC-termistori voidaan valmistaa erilaisiin muotorakenteisiin ja erilaisin spesifikaatioin. Yhdist\u00e4m\u00e4ll\u00e4 edell\u00e4 mainitut PTC-l\u00e4mmityselementit ja metallikomponentit voidaan muodostaa erilaisia suuritehoisia PTC-l\u00e4mmittimi\u00e4.<\/p>\n<h3>PTC-l\u00e4mmittimen edut<\/h3>\n<p>Terveellinen ja ymp\u00e4rist\u00f6yst\u00e4v\u00e4llinen liimaton liimaus on terveellisemp\u00e4\u00e4.<\/p>\n<p>Eritt\u00e4in pitk\u00e4 kest\u00e4vyys ilman hapettumista, k\u00e4ytt\u00f6ik\u00e4 jopa 6000 tuntia.<\/p>\n<p>Nopea l\u00e4mmitysl\u00e4mp\u00f6tila, automaattinen l\u00e4mp\u00f6tilan s\u00e4\u00e4t\u00f6 tuulettimen vikaantuessa, pitk\u00e4 k\u00e4ytt\u00f6ik\u00e4.<\/p>\n<p>Laaja j\u00e4nnitealue, voidaan suunnitella tarpeiden mukaan 12V-380V v\u00e4lill\u00e4<\/p>\n<p>K\u00e4tev\u00e4 muotoilu, voidaan suunnitella pienest\u00e4 tehosta suureen tehoon, ja muoto voidaan my\u00f6s suunnitella vaatimusten mukaan.<\/p>\n<p>Palamaton, turvallinen ja luotettava,<\/p>\n<h3>Mit\u00e4 varten PTC-kiuas on?<\/h3>\n<p><em>Mit\u00e4 PTC-l\u00e4mmityselementti\u00e4 k\u00e4ytet\u00e4\u00e4n<\/em>? PTC-keraamista l\u00e4mmitint\u00e4 k\u00e4ytet\u00e4\u00e4n tavallisesti pieniss\u00e4 kotitalouksien sovellustavaroissa ja PTC HEATER hiusten muotoiluty\u00f6kalujen tuotteissa, kuten esimerkiksi <strong><em>PTC l\u00e4mmitin hiusten suoristusrauta, PTC hiusten suoristusrauta harja, PTC hiusten kihartimet<\/em><\/strong>jne. Sille on ominaista alhainen teho, mutta korkea l\u00e4mp\u00f6tehokkuus ja k\u00e4yt\u00e4nn\u00f6llisyys.<\/p>\n<p>Olayer on <em>PTC-l\u00e4mmitin hiusten muotoiluty\u00f6kalut<\/em> valmistaja, joka tarjoaa PTC hiusten suoristusrauta litte\u00e4 rauta, PTC hiukset kihartimet, MCH hiusten suoristusrauta ja kihartimet, ja muut PTC tai MCH hiukset muotoiluty\u00f6kaluja, ota olayer saada lis\u00e4tietoja.<\/p>","protected":false},"excerpt":{"rendered":"<p>What is PTC heater PTC heating element is called PTC  [&#8230;]<\/p>\n","protected":false},"author":1,"featured_media":4276,"parent":4271,"menu_order":20,"comment_status":"closed","ping_status":"closed","template":"","meta":{"footnotes":""},"class_list":["post-4274","page","type-page","status-publish","has-post-thumbnail","hentry"],"_links":{"self":[{"href":"https:\/\/www.olayer.com\/fi\/wp-json\/wp\/v2\/pages\/4274","targetHints":{"allow":["GET"]}}],"collection":[{"href":"https:\/\/www.olayer.com\/fi\/wp-json\/wp\/v2\/pages"}],"about":[{"href":"https:\/\/www.olayer.com\/fi\/wp-json\/wp\/v2\/types\/page"}],"author":[{"embeddable":true,"href":"https:\/\/www.olayer.com\/fi\/wp-json\/wp\/v2\/users\/1"}],"replies":[{"embeddable":true,"href":"https:\/\/www.olayer.com\/fi\/wp-json\/wp\/v2\/comments?post=4274"}],"version-history":[{"count":0,"href":"https:\/\/www.olayer.com\/fi\/wp-json\/wp\/v2\/pages\/4274\/revisions"}],"up":[{"embeddable":true,"href":"https:\/\/www.olayer.com\/fi\/wp-json\/wp\/v2\/pages\/4271"}],"wp:featuredmedia":[{"embeddable":true,"href":"https:\/\/www.olayer.com\/fi\/wp-json\/wp\/v2\/media\/4276"}],"wp:attachment":[{"href":"https:\/\/www.olayer.com\/fi\/wp-json\/wp\/v2\/media?parent=4274"}],"curies":[{"name":"wp","href":"https:\/\/api.w.org\/{rel}","templated":true}]}}