{"id":4279,"date":"2022-01-15T17:03:17","date_gmt":"2022-01-15T17:03:17","guid":{"rendered":"https:\/\/www.olayer.com\/?page_id=4279"},"modified":"2022-01-26T09:48:55","modified_gmt":"2022-01-26T09:48:55","slug":"mch-vs-ptc","status":"publish","type":"page","link":"https:\/\/www.olayer.com\/es\/blog\/mch-vs-ptc\/","title":{"rendered":"MCH frente a PTC"},"content":{"rendered":"<h2>Qu\u00e9 es el calentador MCH<\/h2>\n<p>MCH (Metal Ceramics Heater), se aplica popularmente en la <strong><em>Plancha de pelo MCH<\/em><\/strong> productos, las ventajas de calentamiento r\u00e1pido de 20s, y la temperatura es de mesa de larga duraci\u00f3n. Utiliza tecnolog\u00eda de cer\u00e1mica multicapa de cocci\u00f3n a alta temperatura para imprimir la pasta de resistencia al calentamiento (tungsteno, molibdeno, manganeso, plata, paladio y otros metales de alto punto de fusi\u00f3n) de acuerdo con los requisitos de dise\u00f1o del circuito de calefacci\u00f3n. En el cuerpo verde de fundici\u00f3n de cinta (zirconia, cer\u00e1mica de al\u00famina o cer\u00e1mica de al\u00famina endurecida con zirconia, etc.), y luego laminaci\u00f3n de m\u00faltiples capas, el circuito de calefacci\u00f3n se construye en el material cer\u00e1mico, y se sinteriza a unos 1650 \u00b0 C para integrar el s\u00f3lido cer\u00e1mico. Desempe\u00f1a el papel de protecci\u00f3n y aislamiento. El cuerpo de calentamiento no tiene llama abierta, resistencia a la corrosi\u00f3n, resistencia a altas temperaturas, larga vida \u00fatil, alta eficiencia y ahorro de energ\u00eda, estable y uniforme, y r\u00e1pida compensaci\u00f3n t\u00e9rmica. El producto no contiene sustancias nocivas como plomo, mercurio y cromo hexavalente, y puede cumplir plenamente con la Uni\u00f3n Europea. Requisitos medioambientales.<img decoding=\"async\" class=\"lazyload  wp-image-4281 alignright\" src=\"https:\/\/www.olayer.com\/wp-content\/uploads\/2022\/01\/MCH-heater.jpg\" data-orig-src=\"https:\/\/www.olayer.com\/wp-content\/uploads\/2022\/01\/MCH-heater.jpg\" alt=\"Calentador MCH\" width=\"417\" height=\"392\" title=\"\" srcset=\"data:image\/svg+xml,%3Csvg%20xmlns%3D%27http%3A%2F%2Fwww.w3.org%2F2000%2Fsvg%27%20width%3D%27417%27%20height%3D%27392%27%20viewBox%3D%270%200%20417%20392%27%3E%3Crect%20width%3D%27417%27%20height%3D%27392%27%20fill-opacity%3D%220%22%2F%3E%3C%2Fsvg%3E\" data-srcset=\"https:\/\/www.olayer.com\/wp-content\/uploads\/2022\/01\/MCH-heater-200x188.jpg 200w, https:\/\/www.olayer.com\/wp-content\/uploads\/2022\/01\/MCH-heater-300x282.jpg 300w, https:\/\/www.olayer.com\/wp-content\/uploads\/2022\/01\/MCH-heater-400x376.jpg 400w, https:\/\/www.olayer.com\/wp-content\/uploads\/2022\/01\/MCH-heater-600x565.jpg 600w, https:\/\/www.olayer.com\/wp-content\/uploads\/2022\/01\/MCH-heater.jpg 609w\" data-sizes=\"auto\" data-orig-sizes=\"(max-width: 417px) 100vw, 417px\" \/><\/p>\n<p>El elemento calefactor cer\u00e1mico MCH y el calentador PTC son materiales comunes de elementos calefactores cer\u00e1micos aplicados en planchas para el pelo y rizadores. En comparaci\u00f3n con <em>Plancha de pelo PTC heat<\/em>, ellos <strong><em>Plancha con calentador MCH<\/em><\/strong> puede ahorrar 20-30% de energ\u00eda el\u00e9ctrica con el mismo efecto de calefacci\u00f3n, y tienen una alta eficiencia de calefacci\u00f3n (hasta 98,6%) y ahorrar energ\u00eda. Y el uso a largo plazo sin atenuaci\u00f3n de potencia. El calentador cer\u00e1mico MCH se calienta r\u00e1pidamente. Cuando se enciende, el elemento calefactor puede alcanzar los 200 \u00b0C en 10 segundos, y puede llegar a los 800 \u00b0C en 30 segundos. La temperatura de uso a largo plazo puede alcanzar los 500-700 \u00b0C (el calentador PTC tiene una temperatura m\u00e1xima de 300\u2103).<\/p>\n<h3>Principales materias primas del calentador MCH<\/h3>\n<ul>\n<li>Sustrato: cer\u00e1mica de al\u00famina blanca multicapa, contenido de \u0430-Al2O3 no inferior a 95%<\/li>\n<li>Alambre conductor: alambre de n\u00edquel de \u04240,25 mm, \u04240,3 mm o \u04240,5 mm.<\/li>\n<li>Manguito, cinta: Tefl\u00f3n, cinta resistente a altas temperaturas<\/li>\n<li>Resistencia: materiales de alta temperatura como el tungsteno<\/li>\n<li>Espesor del producto: 0,7~2,0 mm personalizable<\/li>\n<li>Tensi\u00f3n de uso: 3,7V-4,2V personalizable<\/li>\n<li>Selecci\u00f3n del valor de resistencia: entre 0,3 y 100 ohmios, seleccionado en funci\u00f3n de la tensi\u00f3n, el tama\u00f1o y la potencia del chip y las necesidades del cliente.<\/li>\n<\/ul>\n<h3>Rendimiento y caracter\u00edsticas del calentador MCH<\/h3>\n<ol start=\"3\">\n<li>Estructura sencilla, la forma, el tama\u00f1o y la potencia de resistencia pueden fabricarse seg\u00fan las necesidades del cliente;<\/li>\n<li>Buena uniformidad t\u00e9rmica y alta densidad de potencia: \u226545 W\/cm2;<\/li>\n<li>resistencia-temperatura lineal, y la temperatura puede controlarse f\u00e1cilmente controlando la resistencia o la tensi\u00f3n;<\/li>\n<li>Aumento r\u00e1pido de la temperatura y compensaci\u00f3n r\u00e1pida de la temperatura.<br \/>\nLa potencia de 500 vatios comienza 20S y la temperatura alcanza 600\u2103 o m\u00e1s; la potencia nominal de sus componentes comienza 10S y alcanza 200\u2103 o m\u00e1s;<\/li>\n<\/ol>\n<ol start=\"5\">\n<li>Alta temperatura de calentamiento, hasta 700\u2103;<\/li>\n<li>Alta eficiencia t\u00e9rmica, calentamiento uniforme y ahorro de energ\u00eda (el consumo de calor unitario es 20-30% menor que el calentador PTC);<\/li>\n<li>Fuego sin nombre, la superficie es segura y sin carga;<br \/>\nBuen rendimiento de aislamiento: la superficie es segura y no est\u00e1 cargada: puede soportar la prueba de tensi\u00f3n de 3700V\/1S, y la corriente de fuga es de 0,5mA;<\/li>\n<\/ol>\n<ol start=\"8\">\n<li>Larga vida \u00fatil, sin atenuaci\u00f3n de potencia tras un uso prolongado;<\/li>\n<li>La l\u00e1mina calefactora es resistente a \u00e1cidos, \u00e1lcalis y otras sustancias corrosivas;<\/li>\n<li>Protecci\u00f3n del medio ambiente: no contiene sustancias nocivas como plomo, cadmio, mercurio, cromo hexavalente, polibromobifenilos, polibromodifenil\u00e9teres, etc.<\/li>\n<\/ol>\n<p>Cumple plenamente los requisitos de protecci\u00f3n medioambiental de la UE.<\/p>\n<h2>Qu\u00e9 es un calefactor PTC<\/h2>\n<p>PTC (Positive Temperature Coefficient), que se traduce como coeficiente positivo de temperatura, conocido como termistor PTC, parte de la informaci\u00f3n proviene de Wikipedia, si desea saber m\u00e1s acerca de este calentador PTC, por favor vaya a <a href=\"https:\/\/en.wikipedia.org\/wiki\/Heating_element#Polymer_PTC_heating_elements\" target=\"_blank\" rel=\"noopener\">Calentador PTC<\/a> p\u00e1gina. La placa PTC tambi\u00e9n se sinteriza a alta temperatura, pero la temperatura m\u00e1xima de su superficie puede controlarse durante la sinterizaci\u00f3n. Seg\u00fan los requisitos del fabricante de planchas de pelo o rizadores, la placa PTC puede sinterizarse a menos de 280, o a cualquier temperatura que desee el fabricante de planchas, generalmente se sinteriza a 230 a 280 grados. Pero su desventaja es que la velocidad de calentamiento hasta 200 grados es lenta, generalmente alrededor de un minuto y medio o 2 minutos. Adem\u00e1s, en uso, no puede seguir manteniendo una temperatura relativamente alta como un MCH elementos de calefacci\u00f3n que pueden mantener alta temperatura estable durante el rizado del cabello o alisado del cabello. Por lo tanto, el alisado del cabello a partir de elementos PTC ser\u00e1 ligeramente menos eficaz que la placa calefactora MCH. <img decoding=\"async\" class=\"lazyload  wp-image-4282 alignright\" src=\"https:\/\/www.olayer.com\/wp-content\/uploads\/2022\/01\/PTC-heater.jpg\" data-orig-src=\"https:\/\/www.olayer.com\/wp-content\/uploads\/2022\/01\/PTC-heater.jpg\" alt=\"Calentador PTC\" width=\"388\" height=\"260\" title=\"\" srcset=\"data:image\/svg+xml,%3Csvg%20xmlns%3D%27http%3A%2F%2Fwww.w3.org%2F2000%2Fsvg%27%20width%3D%27388%27%20height%3D%27260%27%20viewBox%3D%270%200%20388%20260%27%3E%3Crect%20width%3D%27388%27%20height%3D%27260%27%20fill-opacity%3D%220%22%2F%3E%3C%2Fsvg%3E\" data-srcset=\"https:\/\/www.olayer.com\/wp-content\/uploads\/2022\/01\/PTC-heater-200x134.jpg 200w, https:\/\/www.olayer.com\/wp-content\/uploads\/2022\/01\/PTC-heater-300x201.jpg 300w, https:\/\/www.olayer.com\/wp-content\/uploads\/2022\/01\/PTC-heater-400x268.jpg 400w, https:\/\/www.olayer.com\/wp-content\/uploads\/2022\/01\/PTC-heater.jpg 465w\" data-sizes=\"auto\" data-orig-sizes=\"(max-width: 388px) 100vw, 388px\" \/><\/p>\n<h3>Ventajas del calentador PTC<\/h3>\n<p>El pegado sin cola es m\u00e1s sano y respetuoso con el medio ambiente.<\/p>\n<p>Super larga durabilidad sin oxidaci\u00f3n, tiempo de vida \u00fatil de hasta 6000 horas. esta es la raz\u00f3n media que la mayor\u00eda de las planchas de pelo como\u00a0 <em><a href=\"https:\/\/www.olayer.com\/es\/news\/que-es-un-calefactor-ptc\/\">Plancha de pelo con calentador PTC<\/a><\/em> &amp; PTC rizador de pelo son el uso PTC calentador.<\/p>\n<p>Temperatura de calentamiento r\u00e1pida, control autom\u00e1tico de la temperatura en caso de fallo del ventilador, larga vida \u00fatil.<\/p>\n<p>Amplia gama de voltaje, puede dise\u00f1ar la base de tensi\u00f3n en la necesidad del cliente entre 12V-380V.<\/p>\n<p>No inflamable, seguro y fiable, esta es la caracter\u00edstica clave que la mayor\u00eda de campo de uso PTC calentador desde el factor de seguridad.<\/p>\n<h3>Diferencia entre la plancha PTC y la plancha MCH.<\/h3>\n<p>Las planchas de pelo pueden dividirse en elementos calefactores PTC y elementos calefactores MCH seg\u00fan los diferentes elementos calefactores.<\/p>\n<p>La ventaja del elemento calefactor MCH es que es respetuoso con el medio ambiente y tiene una velocidad de calentamiento r\u00e1pida. Por lo general, entre 30 y 45 segundos pueden hacer que la temperatura de la plancha alcance los 200 grados. y que dure mucho tiempo a alta temperatura.<\/p>\n<p>La desventaja del calentador MCH es que como el elemento calefactor MCH est\u00e1 sinterizado a una alta temperatura de m\u00e1s de 1000 grados, su temperatura superar\u00e1 r\u00e1pidamente los 300 grados despu\u00e9s de que el circuito est\u00e9 fuera de control, lo que quemar\u00e1 el material pl\u00e1stico de la plancha o rizador de pelo, haciendo que la placa calefactora se caiga, y puede quemar la piel del usuario.<\/p>\n<p>Por \u00faltimo, en el mercado hay PTC planchas y planchas MCH, pero sobre todo el rizador se hizo por el calentador PTC, Olayer plancha de pelo plancha fabricante ofrecen tanto PTC calentador plancha de pelo y plancha de pelo MCH, si usted est\u00e1 buscando para la costumbre plancha de pelo plancha, que son bienvenidos a ponerse en contacto con olayer.com<\/p>\n<p>&nbsp;<\/p>","protected":false},"excerpt":{"rendered":"<p>What is MCH heater MCH (Metal Ceramics Heater), it is  [&#8230;]<\/p>\n","protected":false},"author":1,"featured_media":4284,"parent":4271,"menu_order":0,"comment_status":"closed","ping_status":"closed","template":"","meta":{"footnotes":""},"class_list":["post-4279","page","type-page","status-publish","has-post-thumbnail","hentry"],"_links":{"self":[{"href":"https:\/\/www.olayer.com\/es\/wp-json\/wp\/v2\/pages\/4279","targetHints":{"allow":["GET"]}}],"collection":[{"href":"https:\/\/www.olayer.com\/es\/wp-json\/wp\/v2\/pages"}],"about":[{"href":"https:\/\/www.olayer.com\/es\/wp-json\/wp\/v2\/types\/page"}],"author":[{"embeddable":true,"href":"https:\/\/www.olayer.com\/es\/wp-json\/wp\/v2\/users\/1"}],"replies":[{"embeddable":true,"href":"https:\/\/www.olayer.com\/es\/wp-json\/wp\/v2\/comments?post=4279"}],"version-history":[{"count":0,"href":"https:\/\/www.olayer.com\/es\/wp-json\/wp\/v2\/pages\/4279\/revisions"}],"up":[{"embeddable":true,"href":"https:\/\/www.olayer.com\/es\/wp-json\/wp\/v2\/pages\/4271"}],"wp:featuredmedia":[{"embeddable":true,"href":"https:\/\/www.olayer.com\/es\/wp-json\/wp\/v2\/media\/4284"}],"wp:attachment":[{"href":"https:\/\/www.olayer.com\/es\/wp-json\/wp\/v2\/media?parent=4279"}],"curies":[{"name":"wp","href":"https:\/\/api.w.org\/{rel}","templated":true}]}}