{"id":4274,"date":"2022-01-15T15:40:26","date_gmt":"2022-01-15T15:40:26","guid":{"rendered":"https:\/\/www.olayer.com\/?page_id=4274"},"modified":"2023-02-13T14:44:17","modified_gmt":"2023-02-13T14:44:17","slug":"que-es-un-calefactor-ptc","status":"publish","type":"page","link":"https:\/\/www.olayer.com\/es\/blog\/que-es-un-calefactor-ptc\/","title":{"rendered":"Qu\u00e9 es un calefactor PTC"},"content":{"rendered":"<h2>Qu\u00e9 es un calefactor PTC<\/h2>\n<p>El elemento calefactor PTC se denomina <strong><em>Calentador PTC<\/em><\/strong>compuesto por un elemento calefactor cer\u00e1mico PTC y un tubo de aluminio. <em><strong>Plancha de pelo con calentador PTC<\/strong><\/em> y <em>Calentador PTC rizadores de pelo<\/em>La raz\u00f3n por la que se utiliza este <strong><em>Herramientas de peinado con calentador PTC<\/em><\/strong> porque Este tipo de elemento calefactor PTC tiene las ventajas de una peque\u00f1a resistencia t\u00e9rmica y una alta eficiencia de intercambio de calor. Es un calentador el\u00e9ctrico autom\u00e1tico de temperatura constante y ahorro de energ\u00eda. La caracter\u00edstica clave sobresaliente es el factor de seguridad. En cualquier situaci\u00f3n de aplicaci\u00f3n, no se producir\u00e1 el fen\u00f3meno de \"enrojecimiento\" en la superficie del tubo calefactor el\u00e9ctrico, como la placa de la plancha de pelo o el rodillo del rizador, que causar\u00eda quemaduras, incendios y otros riesgos de seguridad, esa informaci\u00f3n proviene de Wikipedia, usted podr\u00eda ir a <a href=\"https:\/\/en.wikipedia.org\/wiki\/Heating_element#Polymer_PTC_heating_elements\" target=\"_blank\" rel=\"noopener\">Calentador PTC<\/a> para obtener m\u00e1s informaci\u00f3n al respecto, y vaya a <a href=\"https:\/\/www.olayer.com\/es\/blog\/mch-vs-ptc\/\">Calentador PTC y MCH<\/a> para conocer la diferencia y las ventajas.<img decoding=\"async\" class=\"lazyload  wp-image-4276 alignright\" src=\"https:\/\/www.olayer.com\/wp-content\/uploads\/2022\/01\/PTC-heater-hair-iron.jpg\" data-orig-src=\"https:\/\/www.olayer.com\/wp-content\/uploads\/2022\/01\/PTC-heater-hair-iron.jpg\" alt=\"Plancha de pelo con calentador PTC\" width=\"435\" height=\"395\" title=\"\" srcset=\"data:image\/svg+xml,%3Csvg%20xmlns%3D%27http%3A%2F%2Fwww.w3.org%2F2000%2Fsvg%27%20width%3D%27435%27%20height%3D%27395%27%20viewBox%3D%270%200%20435%20395%27%3E%3Crect%20width%3D%27435%27%20height%3D%27395%27%20fill-opacity%3D%220%22%2F%3E%3C%2Fsvg%3E\" data-srcset=\"https:\/\/www.olayer.com\/wp-content\/uploads\/2022\/01\/PTC-heater-hair-iron-200x182.jpg 200w, https:\/\/www.olayer.com\/wp-content\/uploads\/2022\/01\/PTC-heater-hair-iron-300x273.jpg 300w, https:\/\/www.olayer.com\/wp-content\/uploads\/2022\/01\/PTC-heater-hair-iron-400x364.jpg 400w, https:\/\/www.olayer.com\/wp-content\/uploads\/2022\/01\/PTC-heater-hair-iron.jpg 539w\" data-sizes=\"auto\" data-orig-sizes=\"(max-width: 435px) 100vw, 435px\" \/><\/p>\n<h3>\u00bfC\u00f3mo se fabrica el calentador PTC?<\/h3>\n<p>El elemento calefactor PTC se compone de una placa de presi\u00f3n exterior galvanizada, una placa el\u00e1stica ondulada de acero inoxidable, una placa de presi\u00f3n interior galvanizada, un disipador t\u00e9rmico de aluminio de una capa, una placa calefactora PTC, un disipador t\u00e9rmico de aluminio de doble capa, un terminal de electrodo de cobre niquelado y una vaina de electrodo de pl\u00e1stico PPS de alta temperatura.<\/p>\n<p>Debido al uso de disipadores de calor corrugados en forma de U, se mejora la tasa de disipaci\u00f3n de calor de los productos de elementos calefactores PTC, y se combinan las ventajas del tipo adhesivo y mec\u00e1nico, y se tienen plenamente en cuenta diversos fen\u00f3menos t\u00e9rmicos y el\u00e9ctricos de los elementos calefactores PTC durante el funcionamiento. Fuerte fuerza, excelente conductividad t\u00e9rmica y rendimiento de disipaci\u00f3n de calor, alta eficiencia, seguridad y fiabilidad.<\/p>\n<p>Este tipo de calentador PTC tiene las ventajas de una peque\u00f1a resistencia t\u00e9rmica y una alta eficiencia de intercambio de calor. Es un calentador el\u00e9ctrico autom\u00e1tico de temperatura constante y ahorro de energ\u00eda. Una de sus caracter\u00edsticas m\u00e1s destacadas es su rendimiento de seguridad, es decir, cuando el ventilador falla y se para, la potencia del calentador PTC caer\u00e1 autom\u00e1ticamente de forma brusca debido a la insuficiente disipaci\u00f3n de calor. En ese momento, la temperatura de la superficie del calentador se mantiene en torno a la temperatura de Curie (generalmente alrededor de 250\u00b0C), para que no se produzca el fen\u00f3meno de \"enrojecimiento\" en la superficie de calentadores como los tubos de calefacci\u00f3n el\u00e9ctrica.<\/p>\n<h3>\u00bfC\u00f3mo funciona un elemento calefactor PTC?<\/h3>\n<p><em>\u00bfC\u00f3mo funciona un elemento calefactor PTC?<\/em>? El termistor PTC de calentamiento a temperatura constante tiene las caracter\u00edsticas del calentamiento a temperatura constante. La temperatura de Curie del termistor est\u00e1 relacionada con la tensi\u00f3n aplicada, pero no tiene nada que ver con la temperatura ambiente. El calentador PTC es un dispositivo de calentamiento que se ha dise\u00f1ado utilizando las caracter\u00edsticas de calentamiento a temperatura constante del termistor PTC. En aplicaciones de calefacci\u00f3n de peque\u00f1a y mediana potencia, es <em>c\u00f3mo funciona el elemento calefactor PTC<\/em>.<\/p>\n<p>Los calentadores PTC tienen las ventajas de calentamiento a temperatura constante, sin llama abierta, alta tasa de conversi\u00f3n t\u00e9rmica, poca influencia de la tensi\u00f3n de alimentaci\u00f3n, larga vida \u00fatil natural y otras ventajas que los elementos calefactores tradicionales no pueden cumplir. Es el preferido por los ingenieros de I+D de <strong>herramientas de peinado personalizadas con calentador PTC<\/strong> industria como <em><strong>Plancha PTC (alisador de pelo) o rizador con calentador PTC<\/strong><\/em> productos. El termistor PTC de calentamiento a temperatura constante puede fabricarse en una variedad de estructuras de formas y diferentes especificaciones. Combinando los elementos calefactores PTC mencionados y los componentes met\u00e1licos se pueden formar diversas formas de calentadores PTC de alta potencia.<\/p>\n<h3>Ventajas del calentador PTC<\/h3>\n<p>El pegado sin cola es m\u00e1s sano y respetuoso con el medio ambiente.<\/p>\n<p>Durabilidad s\u00faper larga sin oxidaci\u00f3n, vida \u00fatil de hasta 6000 horas.<\/p>\n<p>Temperatura de calentamiento r\u00e1pida, control autom\u00e1tico de la temperatura en caso de fallo del ventilador, larga vida \u00fatil<\/p>\n<p>Amplio rango de voltaje, puede ser dise\u00f1ado de acuerdo a las necesidades entre 12V-380V<\/p>\n<p>Conveniente dise\u00f1o, puede ser dise\u00f1ado de baja potencia a alta potencia, y la forma tambi\u00e9n puede ser dise\u00f1ado de acuerdo a los requisitos<\/p>\n<p>No inflamable, seguro y fiable,<\/p>\n<h3>\u00bfPara qu\u00e9 sirve el calentador PTC?<\/h3>\n<p><em>Para qu\u00e9 se utiliza el elemento calefactor PTC<\/em>? PTC calentador de cer\u00e1mica se utiliza normalmente en los peque\u00f1os bienes de aplicaci\u00f3n dom\u00e9stica y PTC HEATER herramientas de peinado del cabello productos, tales como <strong><em>Plancha alisadora de pelo PTC, cepillo alisador de pelo PTC, rizadores de pelo PTC<\/em><\/strong>etc. Se caracteriza por su baja potencia, pero alta eficiencia t\u00e9rmica y practicidad.<\/p>\n<p>Olayer es <em>Herramientas de peinado con calentador PTC<\/em> fabricante que ofrece PTC plancha de pelo, rizadores de pelo PTC, MCH plancha de pelo y rizadores, y otras herramientas de peinado del cabello PTC o MCH, p\u00f3ngase en contacto con olayer para obtener m\u00e1s detalles.<\/p>","protected":false},"excerpt":{"rendered":"<p>What is PTC heater PTC heating element is called PTC  [&#8230;]<\/p>\n","protected":false},"author":1,"featured_media":4276,"parent":4271,"menu_order":20,"comment_status":"closed","ping_status":"closed","template":"","meta":{"footnotes":""},"class_list":["post-4274","page","type-page","status-publish","has-post-thumbnail","hentry"],"_links":{"self":[{"href":"https:\/\/www.olayer.com\/es\/wp-json\/wp\/v2\/pages\/4274","targetHints":{"allow":["GET"]}}],"collection":[{"href":"https:\/\/www.olayer.com\/es\/wp-json\/wp\/v2\/pages"}],"about":[{"href":"https:\/\/www.olayer.com\/es\/wp-json\/wp\/v2\/types\/page"}],"author":[{"embeddable":true,"href":"https:\/\/www.olayer.com\/es\/wp-json\/wp\/v2\/users\/1"}],"replies":[{"embeddable":true,"href":"https:\/\/www.olayer.com\/es\/wp-json\/wp\/v2\/comments?post=4274"}],"version-history":[{"count":0,"href":"https:\/\/www.olayer.com\/es\/wp-json\/wp\/v2\/pages\/4274\/revisions"}],"up":[{"embeddable":true,"href":"https:\/\/www.olayer.com\/es\/wp-json\/wp\/v2\/pages\/4271"}],"wp:featuredmedia":[{"embeddable":true,"href":"https:\/\/www.olayer.com\/es\/wp-json\/wp\/v2\/media\/4276"}],"wp:attachment":[{"href":"https:\/\/www.olayer.com\/es\/wp-json\/wp\/v2\/media?parent=4274"}],"curies":[{"name":"wp","href":"https:\/\/api.w.org\/{rel}","templated":true}]}}