{"id":3763,"date":"2021-12-07T03:56:20","date_gmt":"2021-12-07T03:56:20","guid":{"rendered":"https:\/\/www.olayer.com\/?page_id=3763"},"modified":"2021-12-07T06:54:01","modified_gmt":"2021-12-07T06:54:01","slug":"datenschutzbestimmungen","status":"publish","type":"page","link":"https:\/\/www.olayer.com\/de\/datenschutzbestimmungen\/","title":{"rendered":"Datenschutzbestimmungen"},"content":{"rendered":"<p>Olayer nimmt den Schutz Ihrer Daten ernst. In dieser Datenschutzerkl\u00e4rung erfahren Sie, wer wir sind, wie wir pers\u00f6nliche Daten sammeln, weitergeben und verwenden und wie Sie Ihre Datenschutzrechte aus\u00fcben k\u00f6nnen.<\/p>\n<p>Diese Datenschutzerkl\u00e4rung bezieht sich auf die Daten, die wir \u00fcber Sie erheben, wenn Sie sich f\u00fcr unsere Produkte oder Dienstleistungen im Bereich Haarb\u00fcgeln interessieren oder anderweitig einen Vertrag mit uns abschlie\u00dfen (z.B. indem Sie \u00fcber unsere neuen Modelle informiert werden). Wir bieten eine breite Palette von Haarstylingprodukten an, darunter unsere Produkte Haargl\u00e4tter, professionelle Lockenwickler, automatische Lockenwickler, Haartrockner und Hochgeschwindigkeits-Haartrockner, Wir beziehen uns in dieser Datenschutzerkl\u00e4rung auf alle diese Produkte und unsere anderen elektrischen Montageservices.<\/p>\n<p>In dieser Richtlinie wird Ihnen auch erkl\u00e4rt, wie wir Ihre Daten verwenden werden. Dazu geh\u00f6rt auch, wie wir Ihnen Informationen \u00fcber unsere neuen Modelle oder Sonderpreise f\u00fcr alle unsere Haartools zusenden k\u00f6nnen. Wenn Sie mit dieser Richtlinie nicht einverstanden sind, sollten Sie nicht auf unsere Dienste zugreifen oder sie nutzen oder mit anderen Aspekten unseres Gesch\u00e4fts interagieren.<\/p>","protected":false},"excerpt":{"rendered":"<p>Olayer takes data privacy seriously. This privacy policy explains who  [&#8230;]<\/p>\n","protected":false},"author":1,"featured_media":0,"parent":0,"menu_order":0,"comment_status":"closed","ping_status":"closed","template":"","meta":{"footnotes":""},"class_list":["post-3763","page","type-page","status-publish","hentry"],"_links":{"self":[{"href":"https:\/\/www.olayer.com\/de\/wp-json\/wp\/v2\/pages\/3763","targetHints":{"allow":["GET"]}}],"collection":[{"href":"https:\/\/www.olayer.com\/de\/wp-json\/wp\/v2\/pages"}],"about":[{"href":"https:\/\/www.olayer.com\/de\/wp-json\/wp\/v2\/types\/page"}],"author":[{"embeddable":true,"href":"https:\/\/www.olayer.com\/de\/wp-json\/wp\/v2\/users\/1"}],"replies":[{"embeddable":true,"href":"https:\/\/www.olayer.com\/de\/wp-json\/wp\/v2\/comments?post=3763"}],"version-history":[{"count":0,"href":"https:\/\/www.olayer.com\/de\/wp-json\/wp\/v2\/pages\/3763\/revisions"}],"wp:attachment":[{"href":"https:\/\/www.olayer.com\/de\/wp-json\/wp\/v2\/media?parent=3763"}],"curies":[{"name":"wp","href":"https:\/\/api.w.org\/{rel}","templated":true}]}}