{"id":4279,"date":"2022-01-15T17:03:17","date_gmt":"2022-01-15T17:03:17","guid":{"rendered":"https:\/\/www.olayer.com\/?page_id=4279"},"modified":"2022-01-26T09:48:55","modified_gmt":"2022-01-26T09:48:55","slug":"mch-vs-ptc","status":"publish","type":"page","link":"https:\/\/www.olayer.com\/da\/blog\/mch-vs-ptc\/","title":{"rendered":"MCH vs PTC"},"content":{"rendered":"<h2>Hvad er MCH-varmer<\/h2>\n<p>MCH (Metal Ceramics Heater), det er popul\u00e6rt anvendt i <strong><em>MCH glattejern fladjern<\/em><\/strong> produkter, fordelene opvarmes hurtigt end 20s, og temperaturen er tabel langvarig. Den bruger h\u00f8jtemperatur co-br\u00e6ndt flerlags keramisk teknologi til at udskrive varmemodstandspastaen (wolfram, molybd\u00e6n, mangan, s\u00f8lv, palladium og andre metaller med h\u00f8jt smeltepunkt) i henhold til designkravene til varmekredsen. P\u00e5 den b\u00e5ndst\u00f8bte gr\u00f8nne krop (zirconiumoxid, aluminiumoxidkeramik eller zirconiumoxidh\u00e6rdet aluminiumoxidkeramik osv.), og derefter flerlagslaminering, er varmekredsen indbygget i det keramiske materiale og sintret ved ca. 1650 \u00b0 C for at integrere det keramiske faste stof. Det spiller rollen som beskyttelse og isolering. Varmekroppen har ingen \u00e5ben ild, korrosionsbestandighed, h\u00f8j temperaturbestandighed, lang levetid, h\u00f8j effektivitet og energibesparelse, stabil og ensartet og hurtig termisk kompensation. Produktet indeholder ikke skadelige stoffer som bly, kviks\u00f8lv og hexavalent krom og kan fuldt ud overholde Den Europ\u00e6iske Union. Milj\u00f8m\u00e6ssige krav.<img decoding=\"async\" class=\"lazyload  wp-image-4281 alignright\" src=\"https:\/\/www.olayer.com\/wp-content\/uploads\/2022\/01\/MCH-heater.jpg\" data-orig-src=\"https:\/\/www.olayer.com\/wp-content\/uploads\/2022\/01\/MCH-heater.jpg\" alt=\"MCH-varmer\" width=\"417\" height=\"392\" title=\"\" srcset=\"data:image\/svg+xml,%3Csvg%20xmlns%3D%27http%3A%2F%2Fwww.w3.org%2F2000%2Fsvg%27%20width%3D%27417%27%20height%3D%27392%27%20viewBox%3D%270%200%20417%20392%27%3E%3Crect%20width%3D%27417%27%20height%3D%27392%27%20fill-opacity%3D%220%22%2F%3E%3C%2Fsvg%3E\" data-srcset=\"https:\/\/www.olayer.com\/wp-content\/uploads\/2022\/01\/MCH-heater-200x188.jpg 200w, https:\/\/www.olayer.com\/wp-content\/uploads\/2022\/01\/MCH-heater-300x282.jpg 300w, https:\/\/www.olayer.com\/wp-content\/uploads\/2022\/01\/MCH-heater-400x376.jpg 400w, https:\/\/www.olayer.com\/wp-content\/uploads\/2022\/01\/MCH-heater-600x565.jpg 600w, https:\/\/www.olayer.com\/wp-content\/uploads\/2022\/01\/MCH-heater.jpg 609w\" data-sizes=\"auto\" data-orig-sizes=\"(max-width: 417px) 100vw, 417px\" \/><\/p>\n<p>MCH-keramisk varmeelement og PTC-varmelegeme er almindelige keramiske varmeelementmaterialer, der anvendes i glattejern og kr\u00f8llejern. Sammenlignet med <em>Glattejern med PTC-varme<\/em>de <strong><em>MCH varmelegeme fladjern<\/em><\/strong> kan spare 20-30% elektrisk energi med samme varmeeffekt og har h\u00f8j varmeeffektivitet (op til 98,6%) og sparer energi. Og langvarig brug uden effektd\u00e6mpning. MCH's keramiske varmelegeme opvarmes hurtigt. N\u00e5r det er t\u00e6ndt, kan varmeelementet n\u00e5 200 \u00b0C inden for 10 sekunder, og det kan stige til 800 \u00b0C inden for 30 sekunder. Langtidsbrugstemperaturen kan n\u00e5 500-700 \u00b0C (PTC-varmeren har en maksimal temperatur p\u00e5 300 \u00b0C).<\/p>\n<h3>De vigtigste r\u00e5materialer til MCH-varmeren<\/h3>\n<ul>\n<li>Substrat: hvid flerlags aluminiumoxidkeramik, \u0430-Al2O3-indhold ikke mindre end 95%<\/li>\n<li>Ledningstr\u00e5d: nikkeltr\u00e5d med \u04240,25 mm, \u04240,3 mm eller \u04240,5 mm<\/li>\n<li>Hylster, tape: Teflon, h\u00f8jtemperaturbestandig tape<\/li>\n<li>Modstandsdygtighed: materialer til h\u00f8je temperaturer som f.eks. wolfram<\/li>\n<li>Produkttykkelse: 0,7 ~ 2,0 mm kan tilpasses<\/li>\n<li>Brugssp\u00e6nding: 3,7V-4,2V kan tilpasses<\/li>\n<li>Valg af modstandsv\u00e6rdi: mellem 0,3 og 100 ohm, v\u00e6lges i henhold til sp\u00e6nding, chipst\u00f8rrelse og effekt samt kundens behov.<\/li>\n<\/ul>\n<h3>MCH-varmerens ydeevne og funktioner<\/h3>\n<ol start=\"3\">\n<li>enkel struktur, form, st\u00f8rrelse og modstandskraft kan produceres efter kundens behov;<\/li>\n<li>God termisk ensartethed og h\u00f8j effektt\u00e6thed: \u226545 W\/cm2;<\/li>\n<li>line\u00e6r modstand-temperatur, og temperaturen kan nemt styres ved at kontrollere modstanden eller sp\u00e6ndingen;<\/li>\n<li>Hurtig temperaturstigning og hurtig temperaturkompensation.<br \/>\n500 watt effekt starter 20S, og temperaturen n\u00e5r 600\u2103 eller mere; den nominelle effekt af dens komponenter starter 10S og n\u00e5r 200\u2103 eller mere;<\/li>\n<\/ol>\n<ol start=\"5\">\n<li>H\u00f8j opvarmningstemperatur, op til 700 \u00b0C;<\/li>\n<li>H\u00f8j termisk effektivitet, ensartet opvarmning og energibesparelse (enhedens varmeforbrug er 20-30% mindre end PTC-varmeren);<\/li>\n<li>Navnl\u00f8s ild, overfladen er sikker og uopladet;<br \/>\nGod isoleringsevne: overfladen er sikker og ikke opladet: den kan modst\u00e5 sp\u00e6ndingstesten p\u00e5 3700V\/1S, og l\u00e6kstr\u00f8mmen er 0,5mA;<\/li>\n<\/ol>\n<ol start=\"8\">\n<li>Lang levetid, ingen effektd\u00e6mpning efter lang tids brug;<\/li>\n<li>Varmepladen er modstandsdygtig over for syre, alkali og andre \u00e6tsende stoffer;<\/li>\n<li>Milj\u00f8beskyttelse: Indeholder ikke skadelige stoffer som bly, cadmium, kviks\u00f8lv, hexavalent krom, polybromerede biphenyler, polybromerede diphenylethere osv.<\/li>\n<\/ol>\n<p>Fuldt ud i overensstemmelse med EU's milj\u00f8beskyttelseskrav.<\/p>\n<h2>Hvad er PTC-varmer<\/h2>\n<p>PTC (Positive Temperature Coefficient), som kan overs\u00e6ttes til positiv temperaturkoefficient, kaldet PTC-termistor, nogle af oplysningerne kommer fra Wikipedia, hvis du vil vide mere om dette PTC-varmelegeme, skal du g\u00e5 til <a href=\"https:\/\/en.wikipedia.org\/wiki\/Heating_element#Polymer_PTC_heating_elements\" target=\"_blank\" rel=\"noopener\">PTC-varmelegeme<\/a> side. PTC-pladen sintres ogs\u00e5 ved h\u00f8j temperatur, men den maksimale temperatur p\u00e5 overfladen kan kontrolleres under sintringen. I henhold til kravene fra glattejerns- eller kr\u00f8llejernsproducenten kan PTC-pladen sintres til under 280 eller enhver temperatur, som producenten af fladjern \u00f8nsker, generelt sintret til 230 til 230 grader. 280 grader. Men ulempen er, at opvarmningshastigheden op til 200 grader er langsom, generelt omkring halvandet minut eller 2 minutter. Derudover kan det ikke forts\u00e6tte med at opretholde en relativt h\u00f8j temperatur som et MCH-varmeelement, der kan holde en stabil h\u00f8j temperatur under h\u00e5rkr\u00f8lling eller h\u00e5rglatning. S\u00e5 glatning af h\u00e5r fra PTC-elementer vil v\u00e6re lidt mindre effektiv end MCH-varmepladen. <img decoding=\"async\" class=\"lazyload  wp-image-4282 alignright\" src=\"https:\/\/www.olayer.com\/wp-content\/uploads\/2022\/01\/PTC-heater.jpg\" data-orig-src=\"https:\/\/www.olayer.com\/wp-content\/uploads\/2022\/01\/PTC-heater.jpg\" alt=\"PTC-varmelegeme\" width=\"388\" height=\"260\" title=\"\" srcset=\"data:image\/svg+xml,%3Csvg%20xmlns%3D%27http%3A%2F%2Fwww.w3.org%2F2000%2Fsvg%27%20width%3D%27388%27%20height%3D%27260%27%20viewBox%3D%270%200%20388%20260%27%3E%3Crect%20width%3D%27388%27%20height%3D%27260%27%20fill-opacity%3D%220%22%2F%3E%3C%2Fsvg%3E\" data-srcset=\"https:\/\/www.olayer.com\/wp-content\/uploads\/2022\/01\/PTC-heater-200x134.jpg 200w, https:\/\/www.olayer.com\/wp-content\/uploads\/2022\/01\/PTC-heater-300x201.jpg 300w, https:\/\/www.olayer.com\/wp-content\/uploads\/2022\/01\/PTC-heater-400x268.jpg 400w, https:\/\/www.olayer.com\/wp-content\/uploads\/2022\/01\/PTC-heater.jpg 465w\" data-sizes=\"auto\" data-orig-sizes=\"(max-width: 388px) 100vw, 388px\" \/><\/p>\n<h3>Fordele ved PTC-varmer<\/h3>\n<p>Sund og milj\u00f8venlig limfri limning er sundere.<\/p>\n<p>Super lang holdbarhed uden oxidering, levetid op til 6000 timer. Dette er grunden til, at de fleste h\u00e5rstrygejern som\u00a0 <em><a href=\"https:\/\/www.olayer.com\/da\/news\/hvad-er-en-ptc-varmer\/\">Glattejern med PTC-varmelegeme<\/a><\/em> &amp; PTC-h\u00e5rkr\u00f8ller bruger PTC-varmelegeme.<\/p>\n<p>Hurtig opvarmningstemperatur, automatisk temperaturkontrol i tilf\u00e6lde af ventilatorfejl, lang levetid.<\/p>\n<p>Bredt sp\u00e6ndingsomr\u00e5de, kan designe sp\u00e6ndingsbasen efter kundens behov mellem 12V-380V.<\/p>\n<p>Ikke-brandfarlig, sikker og p\u00e5lidelig, det er den vigtigste funktion, som de fleste bruger PTC-varmere til, da det er en sikkerhedsfaktor.<\/p>\n<h3>Forskellen mellem PTC-h\u00e5rglattejern og MCH-fladjern.<\/h3>\n<p>Glattejern kan opdeles i PTC-varmeelementer og MCH-varmeelementer i henhold til forskellige varmeelementer.<\/p>\n<p>Fordelen ved MCH-varmeelementet er, at det er milj\u00f8venligt og har en hurtig opvarmningshastighed. Generelt kan 30 sekunder til 45 sekunder f\u00e5 fladjernstemperaturen til at n\u00e5 200 grader. og l\u00e6nge holde h\u00f8j temperatur.<\/p>\n<p>Ulempen ved MCH-varmeren er, at da MCH-varmeelementet er sintret ved en h\u00f8j temperatur p\u00e5 mere end 1000 grader, vil dets temperatur hurtigt overstige 300 grader, n\u00e5r kredsl\u00f8bet er ude af kontrol, hvilket vil br\u00e6nde plastmaterialet i glattejernet eller kr\u00f8llejernet ud, hvilket f\u00e5r varmepladen til at falde af, og det kan br\u00e6nde brugerens hud.<\/p>\n<p>Endelig er der p\u00e5 markedet PTC-fladjern og MCH-fladjern, men for det meste vil kr\u00f8llejernet v\u00e6re lavet af PTC-varmelegeme, Olayer glattejernsproducent tilbyder b\u00e5de PTC-varmelegeme og MCH-h\u00e5rglatter, hvis du leder efter brugerdefineret glattejern, er du velkommen til at kontakte olayer.com<\/p>\n<p>&nbsp;<\/p>","protected":false},"excerpt":{"rendered":"<p>What is MCH heater MCH (Metal Ceramics Heater), it is  [&#8230;]<\/p>\n","protected":false},"author":1,"featured_media":4284,"parent":4271,"menu_order":0,"comment_status":"closed","ping_status":"closed","template":"","meta":{"footnotes":""},"class_list":["post-4279","page","type-page","status-publish","has-post-thumbnail","hentry"],"_links":{"self":[{"href":"https:\/\/www.olayer.com\/da\/wp-json\/wp\/v2\/pages\/4279","targetHints":{"allow":["GET"]}}],"collection":[{"href":"https:\/\/www.olayer.com\/da\/wp-json\/wp\/v2\/pages"}],"about":[{"href":"https:\/\/www.olayer.com\/da\/wp-json\/wp\/v2\/types\/page"}],"author":[{"embeddable":true,"href":"https:\/\/www.olayer.com\/da\/wp-json\/wp\/v2\/users\/1"}],"replies":[{"embeddable":true,"href":"https:\/\/www.olayer.com\/da\/wp-json\/wp\/v2\/comments?post=4279"}],"version-history":[{"count":0,"href":"https:\/\/www.olayer.com\/da\/wp-json\/wp\/v2\/pages\/4279\/revisions"}],"up":[{"embeddable":true,"href":"https:\/\/www.olayer.com\/da\/wp-json\/wp\/v2\/pages\/4271"}],"wp:featuredmedia":[{"embeddable":true,"href":"https:\/\/www.olayer.com\/da\/wp-json\/wp\/v2\/media\/4284"}],"wp:attachment":[{"href":"https:\/\/www.olayer.com\/da\/wp-json\/wp\/v2\/media?parent=4279"}],"curies":[{"name":"wp","href":"https:\/\/api.w.org\/{rel}","templated":true}]}}