{"id":4274,"date":"2022-01-15T15:40:26","date_gmt":"2022-01-15T15:40:26","guid":{"rendered":"https:\/\/www.olayer.com\/?page_id=4274"},"modified":"2023-02-13T14:44:17","modified_gmt":"2023-02-13T14:44:17","slug":"co-je-ohrivac-ptc","status":"publish","type":"page","link":"https:\/\/www.olayer.com\/cs\/blog\/co-je-ohrivac-ptc\/","title":{"rendered":"Co je PTC oh\u0159\u00edva\u010d"},"content":{"rendered":"<h2>Co je PTC oh\u0159\u00edva\u010d<\/h2>\n<p>PTC topn\u00e9 t\u011bleso se naz\u00fdv\u00e1 <strong><em>PTC oh\u0159\u00edva\u010d<\/em><\/strong>, kter\u00fd se skl\u00e1d\u00e1 z PTC keramick\u00e9ho topn\u00e9ho prvku a hlin\u00edkov\u00e9 trubice. <em><strong>PTC oh\u0159\u00edva\u010d rovna\u010d vlas\u016f<\/strong><\/em> a <em>PTC oh\u0159\u00edva\u010d kulmy na vlasy<\/em>, d\u016fvod pou\u017eit\u00ed tohoto <strong><em>PTC oh\u0159\u00edva\u010de n\u00e1stroj\u016f pro \u00fapravu vlas\u016f<\/em><\/strong> proto\u017ee tento typ PTC topn\u00e9ho t\u011blesa m\u00e1 v\u00fdhody mal\u00e9ho tepeln\u00e9ho odporu a vysok\u00e9 \u00fa\u010dinnosti v\u00fdm\u011bny tepla. Jedn\u00e1 se o automatick\u00fd elektrick\u00fd oh\u0159\u00edva\u010d s konstantn\u00ed teplotou a \u00fasporou energie. Vynikaj\u00edc\u00ed kl\u00ed\u010dovou vlastnost\u00ed je bezpe\u010dnostn\u00ed faktor. V jak\u00e9koli aplika\u010dn\u00ed situaci nedojde k jevu \"zarudnut\u00ed\" na povrchu elektrick\u00e9ho topn\u00e9ho trubicov\u00e9ho oh\u0159\u00edva\u010de, jako je deska \u017eehli\u010dky na vlasy nebo v\u00e1le\u010dek kulmy, kter\u00fd zp\u016fsob\u00ed opa\u0159en\u00ed, po\u017e\u00e1r a dal\u0161\u00ed bezpe\u010dnostn\u00ed rizika, tyto informace poch\u00e1zej\u00ed z Wikipedie, mohli byste j\u00edt na str\u00e1nku <a href=\"https:\/\/en.wikipedia.org\/wiki\/Heating_element#Polymer_PTC_heating_elements\" target=\"_blank\" rel=\"noopener\">PTC oh\u0159\u00edva\u010d<\/a> Chcete-li se o tom dozv\u011bd\u011bt v\u00edce informac\u00ed, p\u0159ejd\u011bte na str\u00e1nku <a href=\"https:\/\/www.olayer.com\/cs\/blog\/mch-vs-ptc\/\">Oh\u0159\u00edva\u010d PTC &amp; MCH<\/a> abyste v\u011bd\u011bli, jak\u00fd je mezi nimi rozd\u00edl a jak\u00e9 jsou jejich v\u00fdhody.<img decoding=\"async\" class=\"lazyload  wp-image-4276 alignright\" src=\"https:\/\/www.olayer.com\/wp-content\/uploads\/2022\/01\/PTC-heater-hair-iron.jpg\" data-orig-src=\"https:\/\/www.olayer.com\/wp-content\/uploads\/2022\/01\/PTC-heater-hair-iron.jpg\" alt=\"\u017dehli\u010dka na vlasy s PTC oh\u0159\u00edva\u010dem\" width=\"435\" height=\"395\" title=\"\" srcset=\"data:image\/svg+xml,%3Csvg%20xmlns%3D%27http%3A%2F%2Fwww.w3.org%2F2000%2Fsvg%27%20width%3D%27435%27%20height%3D%27395%27%20viewBox%3D%270%200%20435%20395%27%3E%3Crect%20width%3D%27435%27%20height%3D%27395%27%20fill-opacity%3D%220%22%2F%3E%3C%2Fsvg%3E\" data-srcset=\"https:\/\/www.olayer.com\/wp-content\/uploads\/2022\/01\/PTC-heater-hair-iron-200x182.jpg 200w, https:\/\/www.olayer.com\/wp-content\/uploads\/2022\/01\/PTC-heater-hair-iron-300x273.jpg 300w, https:\/\/www.olayer.com\/wp-content\/uploads\/2022\/01\/PTC-heater-hair-iron-400x364.jpg 400w, https:\/\/www.olayer.com\/wp-content\/uploads\/2022\/01\/PTC-heater-hair-iron.jpg 539w\" data-sizes=\"auto\" data-orig-sizes=\"(max-width: 435px) 100vw, 435px\" \/><\/p>\n<h3>Jak se PTC oh\u0159\u00edva\u010d vyr\u00e1b\u00ed?<\/h3>\n<p>PTC topn\u00fd \u010dl\u00e1nek se skl\u00e1d\u00e1 z pozinkovan\u00e9 vn\u011bj\u0161\u00ed p\u0159\u00edtla\u010dn\u00e9 desky, vlnit\u00e9 pru\u017einov\u00e9 desky z nerezov\u00e9 oceli, pozinkovan\u00e9 vnit\u0159n\u00ed p\u0159\u00edtla\u010dn\u00e9 desky, jednovrstv\u00e9ho hlin\u00edkov\u00e9ho chladi\u010de, PTC topn\u00e9 desky, dvouvrstv\u00e9ho hlin\u00edkov\u00e9ho chladi\u010de, poniklovan\u00e9 m\u011bd\u011bn\u00e9 elektrodov\u00e9 svorky a vysokoteplotn\u00edho plastov\u00e9ho pl\u00e1\u0161t\u011b elektrody PPS.<\/p>\n<p>D\u00edky pou\u017eit\u00ed vlnit\u00fdch chladi\u010d\u016f ve tvaru p\u00edsmene U se zlep\u0161uje rychlost rozptylu tepla u v\u00fdrobk\u016f s PTC topn\u00fdmi prvky a kombinuj\u00ed se v\u00fdhody lepic\u00edho a mechanick\u00e9ho typu a pln\u011b se zohled\u0148uj\u00ed r\u016fzn\u00e9 tepeln\u00e9 a elektrick\u00e9 jevy PTC topn\u00fdch prvk\u016f b\u011bhem provozu. Siln\u00e1 s\u00edla, vynikaj\u00edc\u00ed tepeln\u00e1 vodivost a v\u00fdkon p\u0159i rozptylu tepla, vysok\u00e1 \u00fa\u010dinnost, bezpe\u010dnost a spolehlivost.<\/p>\n<p>V\u00fdhodou tohoto typu PTC oh\u0159\u00edva\u010de je mal\u00fd tepeln\u00fd odpor a vysok\u00e1 \u00fa\u010dinnost v\u00fdm\u011bny tepla. Jedn\u00e1 se o automatick\u00fd elektrick\u00fd oh\u0159\u00edva\u010d s konstantn\u00ed teplotou a \u00fasporou energie. Jednou z jeho v\u00fdjime\u010dn\u00fdch vlastnost\u00ed je jeho bezpe\u010dnostn\u00ed funkce, to znamen\u00e1, \u017ee p\u0159i poru\u0161e a zastaven\u00ed ventil\u00e1toru v\u00fdkon PTC oh\u0159\u00edva\u010de automaticky prudce klesne v d\u016fsledku nedostate\u010dn\u00e9ho odvodu tepla. V t\u00e9to dob\u011b je povrchov\u00e1 teplota oh\u0159\u00edva\u010de udr\u017eov\u00e1na na p\u0159ibli\u017en\u011b Curieov\u011b teplot\u011b (obecn\u011b kolem 250 \u00b0C), aby nedoch\u00e1zelo k jevu \"zarudnut\u00ed\" povrchu oh\u0159\u00edva\u010d\u016f, jako jsou elektrick\u00e9 topn\u00e9 trubice.<\/p>\n<h3>Jak funguje topn\u00e9 t\u011bleso PTC<\/h3>\n<p><em>Jak funguje topn\u00e9 t\u011bleso PTC<\/em>? PTC termistor s konstantn\u00ed teplotou oh\u0159evu m\u00e1 vlastnosti konstantn\u00edho teplotn\u00edho oh\u0159evu. Curieho teplota termistoru souvis\u00ed s p\u0159ilo\u017een\u00fdm nap\u011bt\u00edm, ale nem\u00e1 nic spole\u010dn\u00e9ho s teplotou okol\u00ed. PTC topn\u00e9 t\u011bleso je topn\u00e9 za\u0159\u00edzen\u00ed, kter\u00e9 je navr\u017eeno s vyu\u017eit\u00edm charakteristiky konstantn\u00edho teplotn\u00edho oh\u0159evu PTC termistoru konstantn\u00ed teplotn\u00ed oh\u0159ev. V aplikac\u00edch oh\u0159evu mal\u00fdch a st\u0159edn\u00edch v\u00fdkon\u016f je to <em>jak funguje topn\u00e9 t\u011bleso PTC<\/em>.<\/p>\n<p>V\u00fdhodou PTC topn\u00fdch t\u011bles je konstantn\u00ed teplota oh\u0159evu, \u017e\u00e1dn\u00fd otev\u0159en\u00fd plamen, vysok\u00e1 rychlost tepeln\u00e9 p\u0159em\u011bny, mal\u00fd vliv nap\u00e1jec\u00edho nap\u011bt\u00ed, dlouh\u00e1 p\u0159irozen\u00e1 \u017eivotnost a dal\u0161\u00ed v\u00fdhody, kter\u00e9 tradi\u010dn\u00ed topn\u00e1 t\u011blesa nemohou splnit. Je up\u0159ednost\u0148ov\u00e1n in\u017een\u00fdry v\u00fdzkumu a v\u00fdvoje v oblasti <strong>vlastn\u00ed PTC oh\u0159\u00edva\u010de n\u00e1stroj\u016f pro \u00fapravu vlas\u016f<\/strong> pr\u016fmysl jako <em><strong>PTC \u017eehli\u010dka na vlasy (narovn\u00e1va\u010d vlas\u016f) nebo PTC kulma s topn\u00fdm t\u011blesem<\/strong><\/em> produkty. PTC termistor s konstantn\u00ed teplotou oh\u0159evu lze vyrobit v r\u016fzn\u00fdch tvarov\u00fdch struktur\u00e1ch a r\u016fzn\u00fdch specifikac\u00edch. Kombinac\u00ed v\u00fd\u0161e uveden\u00fdch PTC topn\u00fdch prvk\u016f a kovov\u00fdch sou\u010d\u00e1st\u00ed lze vytvo\u0159it r\u016fzn\u00e9 formy vysoce v\u00fdkonn\u00fdch PTC topn\u00fdch t\u011bles.<\/p>\n<h3>V\u00fdhody PTC oh\u0159\u00edva\u010de<\/h3>\n<p>Zdrav\u00e9 a ekologick\u00e9 lepen\u00ed bez lepidla je zdrav\u011bj\u0161\u00ed.<\/p>\n<p>Velmi dlouh\u00e1 \u017eivotnost bez oxidace, \u017eivotnost a\u017e 6000 hodin.<\/p>\n<p>Rychl\u00e1 teplota oh\u0159evu, automatick\u00e1 regulace teploty v p\u0159\u00edpad\u011b poruchy ventil\u00e1toru, dlouh\u00e1 \u017eivotnost<\/p>\n<p>\u0160irok\u00fd rozsah nap\u011bt\u00ed, lze navrhnout podle pot\u0159eby v rozmez\u00ed 12V-380V<\/p>\n<p>Pohodln\u00e1 konstrukce, lze navrhnout od n\u00edzk\u00e9ho v\u00fdkonu po vysok\u00fd v\u00fdkon a tvar lze tak\u00e9 navrhnout podle po\u017eadavk\u016f.<\/p>\n<p>Neho\u0159lav\u00e9, bezpe\u010dn\u00e9 a spolehliv\u00e9,<\/p>\n<h3>K \u010demu je PTC oh\u0159\u00edva\u010d?<\/h3>\n<p><em>K \u010demu se pou\u017e\u00edv\u00e1 topn\u00e9 t\u011bleso PTC<\/em>? PTC keramick\u00fd oh\u0159\u00edva\u010d se obvykle pou\u017e\u00edv\u00e1 v mal\u00fdch dom\u00e1c\u00edch aplikac\u00edch a PTC HEATER vlasov\u00e9 stylingov\u00e9 n\u00e1stroje produkty, jako je nap\u0159. <strong><em>PTC oh\u0159\u00edva\u010d \u017eehli\u010dka na vlasy, PTC kart\u00e1\u010d na rovn\u00e1n\u00ed vlas\u016f, PTC kulma na vlasy<\/em><\/strong>, atd. Vyzna\u010duje se n\u00edzk\u00fdm p\u0159\u00edkonem, ale vysokou tepelnou \u00fa\u010dinnost\u00ed a prakti\u010dnost\u00ed.<\/p>\n<p>Olayer je <em>PTC oh\u0159\u00edva\u010de n\u00e1stroj\u016f pro \u00fapravu vlas\u016f<\/em> v\u00fdrobce, kter\u00fd nab\u00edz\u00ed PTC \u017eehli\u010dku na vlasy, PTC kulmy na vlasy, MCH \u017eehli\u010dku na vlasy a kulmy a dal\u0161\u00ed PTC nebo MCH n\u00e1stroje pro \u00fapravu vlas\u016f, kontaktujte olayer a z\u00edskejte dal\u0161\u00ed podrobnosti.<\/p>","protected":false},"excerpt":{"rendered":"<p>What is PTC heater PTC heating element is called PTC  [&#8230;]<\/p>\n","protected":false},"author":1,"featured_media":4276,"parent":4271,"menu_order":20,"comment_status":"closed","ping_status":"closed","template":"","meta":{"footnotes":""},"class_list":["post-4274","page","type-page","status-publish","has-post-thumbnail","hentry"],"_links":{"self":[{"href":"https:\/\/www.olayer.com\/cs\/wp-json\/wp\/v2\/pages\/4274","targetHints":{"allow":["GET"]}}],"collection":[{"href":"https:\/\/www.olayer.com\/cs\/wp-json\/wp\/v2\/pages"}],"about":[{"href":"https:\/\/www.olayer.com\/cs\/wp-json\/wp\/v2\/types\/page"}],"author":[{"embeddable":true,"href":"https:\/\/www.olayer.com\/cs\/wp-json\/wp\/v2\/users\/1"}],"replies":[{"embeddable":true,"href":"https:\/\/www.olayer.com\/cs\/wp-json\/wp\/v2\/comments?post=4274"}],"version-history":[{"count":0,"href":"https:\/\/www.olayer.com\/cs\/wp-json\/wp\/v2\/pages\/4274\/revisions"}],"up":[{"embeddable":true,"href":"https:\/\/www.olayer.com\/cs\/wp-json\/wp\/v2\/pages\/4271"}],"wp:featuredmedia":[{"embeddable":true,"href":"https:\/\/www.olayer.com\/cs\/wp-json\/wp\/v2\/media\/4276"}],"wp:attachment":[{"href":"https:\/\/www.olayer.com\/cs\/wp-json\/wp\/v2\/media?parent=4274"}],"curies":[{"name":"wp","href":"https:\/\/api.w.org\/{rel}","templated":true}]}}